{"id":204,"date":"2020-12-18T11:33:56","date_gmt":"2020-12-18T11:33:56","guid":{"rendered":"http:\/\/yotangle.com\/?page_id=204"},"modified":"2021-04-12T13:37:42","modified_gmt":"2021-04-12T13:37:42","slug":"politica-de-privacidad","status":"publish","type":"page","link":"https:\/\/yotangle.com\/en\/politica-de-privacidad\/","title":{"rendered":"Data Protection Policy"},"content":{"rendered":"<div data-elementor-type=\"wp-page\" data-elementor-id=\"204\" class=\"elementor elementor-204\">\n\t\t\t\t<section class=\"elementor-section elementor-top-section elementor-element elementor-element-1d3be886 elementor-section-boxed elementor-section-height-default elementor-section-height-default\" data-id=\"1d3be886\" data-element_type=\"section\">\n\t\t\t\t\t\t<div class=\"elementor-container elementor-column-gap-default\">\n\t\t\t\t\t<div class=\"elementor-column elementor-col-100 elementor-top-column elementor-element elementor-element-54773d89\" data-id=\"54773d89\" data-element_type=\"column\">\n\t\t\t<div class=\"elementor-widget-wrap elementor-element-populated\">\n\t\t\t\t\t\t<div class=\"elementor-element elementor-element-6d62118e elementor-widget elementor-widget-text-editor\" data-id=\"6d62118e\" data-element_type=\"widget\" data-widget_type=\"text-editor.default\">\n\t\t\t\t<div class=\"elementor-widget-container\">\n\t\t\t\t\t\t\t\t\t<p><\/p>\n<h3 class=\"wp-block-heading\">\u00bfQui\u00e9nes somos?<\/h3>\n<p><\/p>\n<p><\/p>\n<p>La direcci\u00f3n de nuestra web es yotangle.com y su subdominio academia.yotangle.com<\/p>\n<p><\/p>\n<p><\/p>\n<h3 class=\"wp-block-heading\">Qu\u00e9 datos personales recogemos y por qu\u00e9 los recogemos<\/h3>\n<p><\/p>\n<p><\/p>\n<h4 class=\"wp-block-heading\"><span style=\"text-decoration: underline\"><strong>Comentarios<\/strong><\/span><\/h4>\n<p><\/p>\n<p><\/p>\n<p>Cuando los visitantes dejan comentarios en la web, recopilamos los datos que se muestran en el formulario de comentarios, as\u00ed como la direcci\u00f3n IP del visitante y la cadena de agentes de usuario del navegador para ayudar a la detecci\u00f3n de spam.<\/p>\n<p><\/p>\n<p><\/p>\n<p>Una cadena an\u00f3nima creada a partir de tu direcci\u00f3n de correo electr\u00f3nico (tambi\u00e9n llamada hash) puede ser proporcionada al servicio de Gravatar para ver si la est\u00e1s usando. La pol\u00edtica de privacidad del servicio Gravatar est\u00e1 disponible aqu\u00ed: https:\/\/automattic.com\/privacy\/. Despu\u00e9s de la aprobaci\u00f3n de tu comentario, la imagen de tu perfil es visible para el p\u00fablico en el contexto de tu comentario.<\/p>\n<p><\/p>\n<p><\/p>\n<h4 class=\"wp-block-heading\"><span style=\"text-decoration: underline\"><strong>Medios<\/strong><\/span><\/h4>\n<p><\/p>\n<p><\/p>\n<p>Si subes im\u00e1genes a la web, deber\u00edas evitar subir im\u00e1genes con datos de ubicaci\u00f3n (GPS EXIF) incluidos. Los visitantes de la web pueden descargar y extraer cualquier dato de ubicaci\u00f3n de las im\u00e1genes de la web.<\/p>\n<p><\/p>\n<p><\/p>\n<h3 class=\"wp-block-heading\"><strong><span style=\"text-decoration: underline\">Formularios de contacto<\/span><\/strong><\/h3>\n<p><\/p>\n<p><\/p>\n<h4 class=\"wp-block-heading\"><span style=\"text-decoration: underline\">Cookies<\/h4>\n<\/span><p><\/p>\n<p><\/p>\n<p>Si dejas un comentario en nuestro sitio puedes elegir guardar tu nombre, direcci\u00f3n de correo electr\u00f3nico y web en cookies. Esto es para tu comodidad, para que no tengas que volver a rellenar tus datos cuando dejes otro comentario. Estas cookies tendr\u00e1n una duraci\u00f3n de un a\u00f1o.<\/p>\n<p><\/p>\n<p><\/p>\n<p>Si tienes una cuenta y te conectas a este sitio, instalaremos una cookie temporal para determinar si tu navegador acepta cookies. Esta cookie no contiene datos personales y se elimina al cerrar el navegador.<\/p>\n<p><\/p>\n<p><\/p>\n<p>Cuando accedas, tambi\u00e9n instalaremos varias cookies para guardar tu informaci\u00f3n de acceso y tus opciones de visualizaci\u00f3n de pantalla. Las cookies de acceso duran dos d\u00edas, y las cookies de opciones de pantalla duran un a\u00f1o. Si seleccionas \u00abRecu\u00e9rdarme\u00bb, tu acceso perdurar\u00e1 durante dos semanas. Si sales de tu cuenta, las cookies de acceso se eliminar\u00e1n.<\/p>\n<p><\/p>\n<p><\/p>\n<p>Si editas o publicas un art\u00edculo se guardar\u00e1 una cookie adicional en tu navegador. Esta cookie no incluye datos personales y simplemente indica el ID del art\u00edculo que acabas de editar. Caduca despu\u00e9s de 1 d\u00eda.<\/p>\n<p><\/p>\n<p><\/p>\n<h3 class=\"wp-block-heading\">Contenido incrustado de otros sitios web<\/h3>\n<p><\/p>\n<p><\/p>\n<p>Los art\u00edculos de este sitio pueden incluir contenido incrustado (por ejemplo, v\u00eddeos, im\u00e1genes, art\u00edculos, etc.). El contenido incrustado de otras webs se comporta exactamente de la misma manera que si el visitante hubiera visitado la otra web.<\/p>\n<p><\/p>\n<p><\/p>\n<p>Estas web pueden recopilar datos sobre ti, utilizar cookies, incrustar un seguimiento adicional de terceros, y supervisar tu interacci\u00f3n con ese contenido incrustado, incluido el seguimiento de tu interacci\u00f3n con el contenido incrustado si tienes una cuenta y est\u00e1s conectado a esa web.<\/p>\n<p><\/p>\n<p><\/p>\n<h3 class=\"wp-block-heading\">Anal\u00edtica<\/h3>\n<p><\/p>\n<p><\/p>\n<h2 class=\"wp-block-heading\">Con qui\u00e9n compartimos tus datos<\/h2>\n<p><\/p>\n<p><\/p>\n<p>Si solicitas un restablecimiento de contrase\u00f1a, tu direcci\u00f3n IP ser\u00e1 incluida en el correo electr\u00f3nico de restablecimiento.<\/p>\n<p><\/p>\n<p><\/p>\n<h2 class=\"wp-block-heading\">Cu\u00e1nto tiempo conservamos tus datos<\/h2>\n<p><\/p>\n<p><\/p>\n<p>Si dejas un comentario, el comentario y sus metadatos se conservan indefinidamente. Esto es para que podamos reconocer y aprobar comentarios sucesivos autom\u00e1ticamente, en lugar de mantenerlos en una cola de moderaci\u00f3n.<\/p>\n<p><\/p>\n<p><\/p>\n<p>De los usuarios que se registran en nuestra web (si los hay), tambi\u00e9n almacenamos la informaci\u00f3n personal que proporcionan en su perfil de usuario. Todos los usuarios pueden ver, editar o eliminar su informaci\u00f3n personal en cualquier momento (excepto que no pueden cambiar su nombre de usuario). Los administradores de la web tambi\u00e9n pueden ver y editar esa informaci\u00f3n.<\/p>\n<p><\/p>\n<p><\/p>\n<h2 class=\"wp-block-heading\">Qu\u00e9 derechos tienes sobre tus datos<\/h2>\n<p><\/p>\n<p><\/p>\n<p>Si tienes una cuenta o has dejado comentarios en esta web, puedes solicitar recibir un archivo de exportaci\u00f3n de los datos personales que tenemos sobre ti, incluyendo cualquier dato que nos hayas proporcionado. Tambi\u00e9n puedes solicitar que eliminemos cualquier dato personal que tengamos sobre ti. Esto no incluye ning\u00fan dato que estemos obligados a conservar con fines administrativos, legales o de seguridad.<\/p>\n<p><\/p>\n<p><\/p>\n<h2 class=\"wp-block-heading\">D\u00f3nde enviamos tus datos<\/h2>\n<p><\/p>\n<p><\/p>\n<p>Los comentarios de los visitantes puede que los revise un servicio de detecci\u00f3n autom\u00e1tica de spam.<\/p>\n<p><\/p>\n<p><\/p>\n<h2 class=\"wp-block-heading\">Tu informaci\u00f3n de contacto<\/h2>\n<p><\/p>\n<p><\/p>\n<p><strong>RESPONSABLE DEL TRATAMIENTO<\/strong><\/p>\n<p><\/p>\n<p><\/p>\n<p><strong>Identidad:\u00a0 YOLANDA L\u00d3PEZ SEGURA<\/strong><\/p>\n<p><\/p>\n<p><\/p>\n<p><strong>NIF:<\/strong> 33432349D<\/p>\n<p><\/p>\n<p><\/p>\n<p><strong>Correo electr\u00f3nico:<\/strong> yolanda@yotangle.com<\/p>\n<p><\/p>\n<p><\/p>\n<p>YOLANDA L\u00d3PEZ SEGURA, como responsable del Sitio web, de conformidad con lo que dispone el Reglamento (UE) 2016\/679 de 27 de abril de 2016 (RGPD) relativo a la protecci\u00f3n de las personas f\u00edsicas en cuanto al tratamiento de datos personales y a la libre circulaci\u00f3n de estos datos y dem\u00e1s normativa vigente en materia de protecci\u00f3n de datos personales, y por la Ley 34\/2002, de 11 de julio, de Servicios de la Sociedad de la Informaci\u00f3n y del Comercio Electr\u00f3nico (LSSICE), le informa de que tiene implementadas las medidas de seguridad necesarias, de \u00edndole t\u00e9cnica y organizativas, para garantizar y proteger la confidencialidad, integridad y disponibilidad de los datos introducidos.<\/p>\n<p><\/p>\n<p><\/p>\n<h2 class=\"wp-block-heading\">Informaci\u00f3n adicional<\/h2>\n<p><\/p>\n<p><\/p>\n<p><strong>INFORMACI\u00d3N QUE RECABAMOS:<\/strong><\/p>\n<p><\/p>\n<p><\/p>\n<p>Los datos recogidos por parte del responsable son los siguientes:<\/p>\n<p><\/p>\n<p><\/p>\n<p>&#8211; Aquellos que los usuarios suministren a trav\u00e9s de los diferentes servicios ofrecidos en la p\u00e1gina web<\/p>\n<p><\/p>\n<p><\/p>\n<p>&#8211; Aquellos incluidos en los diferentes formularios previstos en la p\u00e1gina web<\/p>\n<p><\/p>\n<p><\/p>\n<p>&#8211; Datos recogidos a trav\u00e9s de las \u201ccookies\u201d para la mejora de la experiencia de la navegaci\u00f3n seg\u00fan se informa en la pol\u00edtica de cookies.<\/p>\n<p><\/p>\n<p><\/p>\n<p>La negativa a suministrar los datos obligatorios supondr\u00e1 la imposibilidad de atender la concreta solicitud de que se trate. Usted manifiesta que la informaci\u00f3n y los datos que nos facilita son exactos, actuales y veraces. Le rogamos que en caso de modificaci\u00f3n, comunique inmediatamente la misma a fin de que la informaci\u00f3n en tratamiento est\u00e9 en todo momento actualizada y no contenga errores.<\/p>\n<p><\/p>\n<p><\/p>\n<p>Si contrata el servicio\/compra el producto mediante nuestra p\u00e1gina web www.yotangle.com le solicitaremos que nos proporcione informaci\u00f3n sobre usted, incluidos su nombre, datos de contacto e informaci\u00f3n sobre una tarjeta de cr\u00e9dito o de d\u00e9bito.<\/p>\n<p><\/p>\n<p><\/p>\n<p>A trav\u00e9s de esta Pol\u00edtica de Privacidad le informamos que las fotograf\u00edas que est\u00e9n colgadas en la web son propiedad de <strong>\u00a0<\/strong>yotangle.com, incluyendo las de los menores, en las que, para la obtenci\u00f3n de estas, se ha obtenido el consentimiento previo de los padres, tutores o representantes legales mediante la firma de los formularios realizados al efecto por los centros en los cuales los menores forman parte. Sin embargo, los padres, tutores o representantes de los menores, como titulares del ejercicio de los derechos de estos, y siempre previo requerimiento formal por escrito, pueden indicar la negativa al uso de la imagen del menor; en este caso, la imagen se mostrar\u00e1 pixelada.<\/p>\n<p><\/p>\n<p><\/p>\n<p><strong>REDES SOCIALES<\/strong><\/p>\n<p><\/p>\n<p><\/p>\n<p>Le informamos que yotangle.com puede tener presencia en redes sociales. El tratamiento de los datos que se lleve a cabo de las personas que se hagan seguidoras en las redes sociales (y\/o realicen cualquier v\u00ednculo o acci\u00f3n de conexi\u00f3n a trav\u00e9s de las redes sociales) de las p\u00e1ginas oficiales de <strong>\u00a0<\/strong>yotangle.com se regir\u00e1 por este apartado, as\u00ed como por aquellas condiciones de uso, pol\u00edticas de privacidad y normativas de acceso que pertenezcan a la red social que proceda en cada caso y aceptadas previamente por el usuario.<\/p>\n<p><\/p>\n<p><\/p>\n<p>\u00a0Yotangle.com tratar\u00e1 sus datos con las finalidades de administrar correctamente su presencia en la red social, inform\u00e1ndole de actividades, productos o servicios del prestador, as\u00ed como para cualquier otra finalidad que las normativas de las Redes Sociales permitan.<\/p>\n<p><\/p>\n<p><\/p>\n<p>Queda prohibida la publicaci\u00f3n de contenidos:<\/p>\n<p><\/p>\n<p><\/p>\n<p>&#8211; Que sean presuntamente il\u00edcitos por la normativa nacional, comunitaria o internacional o que realicen actividades presuntamente il\u00edcitas o contravengan los principios de la buena fe.<\/p>\n<p><\/p>\n<p><\/p>\n<p>&#8211; Que atenten contra los derechos fundamentales de las personas, falten a la cortes\u00eda en la red, molesten o puedan generar opiniones negativas en nuestros usuarios o terceros y en general cualesquiera sean los contenidos que yotangle.com considere inapropiados.<\/p>\n<p><\/p>\n<p><\/p>\n<p>&#8211; Y en general que contravengan los principios de legalidad, honradez, responsabilidad, protecci\u00f3n de la dignidad humana, protecci\u00f3n de menores, protecci\u00f3n del orden p\u00fablico, la protecci\u00f3n de la vida privada, la protecci\u00f3n del consumidor y los derechos de propiedad intelectual e industrial.<\/p>\n<p><\/p>\n<p><\/p>\n<p>Asimismo,\u00a0 yotangle.com se reserva la potestad de retirar, sin previo aviso del sitio web o de la red social corporativa aquellos contenidos que se consideren inapropiados.<\/p>\n<p><\/p>\n<p><\/p>\n<p>Las comunicaciones remitidas a trav\u00e9s de las redes sociales ser\u00e1n incorporadas a un archivo propiedad de\u00a0yotangle.com, pudi\u00e9ndole enviar informaci\u00f3n de su inter\u00e9s.<\/p>\n<p><\/p>\n<p><\/p>\n<p>En todo caso, si Vd. remite informaci\u00f3n personal a trav\u00e9s de la red social,\u00a0 yotangle.com quedar\u00e1 exento de responsabilidad en relaci\u00f3n a las medidas de seguridad aplicables a la presente plataforma, debiendo el usuario en caso de querer conocerlas, consultar las correspondientes condiciones particulares de la red en cuesti\u00f3n.<\/p>\n<p><\/p>\n<p><\/p>\n<p><strong>MEDIDAS DE SEGURIDAD:<\/strong><\/p>\n<p><\/p>\n<p><\/p>\n<p>Los datos que nos facilite se tratar\u00e1n de forma confidencial. El Prestador ha adoptado todas las medidas t\u00e9cnicas y organizativas y todos los niveles de protecci\u00f3n necesarios para garantizar la seguridad en el tratamiento de los datos y evitar su alteraci\u00f3n, p\u00e9rdida, robo, tratamiento o acceso no autorizado, de acuerdo el estado de la tecnolog\u00eda y naturaleza de los datos almacenados. As\u00ed mismo, se garantiza tambi\u00e9n que el tratamiento y registro en ficheros, programas, sistemas o equipos, locales y centros cumplen con los requisitos y condiciones de integridad y seguridad establecidas en la normativa vigente.<\/p>\n<p><\/p>\n<p><\/p>\n<p><strong>IDIOMA<\/strong><\/p>\n<p><\/p>\n<p><\/p>\n<p>El idioma aplicable a esta Pol\u00edtica de Privacidad es el espa\u00f1ol. Por tanto, en caso de que hubiera alguna contradicci\u00f3n en alguna de las versiones facilitadas en otros idiomas, prevalecer\u00e1 la versi\u00f3n en espa\u00f1ol.<\/p>\n<p><\/p>\n<p><\/p>\n<p><strong>ENV\u00cdO CV<\/strong><\/p>\n<p><\/p>\n<p><\/p>\n<p>En el supuesto de que el usuario env\u00ede su CV a trav\u00e9s de nuestra web, le informamos que los datos aportados ser\u00e1n tratados para hacerlo part\u00edcipe de los procesos de selecci\u00f3n que pueda haber, llevando a cabo un an\u00e1lisis del perfil del solicitante con el objetivo de seleccionar el mejor candidato para el lugar vacante del Responsable. Lo informamos que este es el \u00fanico procedimiento oficial para aceptar su curr\u00edculum, de forma que no se aceptar\u00e1n los curr\u00edculums remitidos por otro procedimiento diferente. En caso de producirse alguna modificaci\u00f3n en los datos, le rogamos nos lo comunique por escrito lo m\u00e1s ante posible, con objeto de mantener sus datos debidamente actualizados.<\/p>\n<p><\/p>\n<p><\/p>\n<p>Los datos se conservar\u00e1n durante un plazo m\u00e1ximo de un a\u00f1o, transcurrido el cual se proceder\u00e1 a la supresi\u00f3n de los datos garantiz\u00e1ndole un total respecto a la confidencialidad tanto en el tratamiento como en su posterior destrucci\u00f3n. En este sentido, transcurrido el mencionado plazo, y si desea continuar participando en los procesos de selecci\u00f3n del Responsable, le rogamos nos remita nuevamente su curr\u00edculum.<\/p>\n<p><\/p>\n<p><\/p>\n<p>Los datos se podr\u00e1n tratar y\/o comunicar a las empresas integrantes de nuestro grupo durante el tiempo de conservaci\u00f3n de su curr\u00edculum y para los mismos fines antes informados.<\/p>\n<p><\/p>\n<p><\/p>\n<p><strong>SUBSCRIPCI\u00d3N AL BLOG<\/strong><\/p>\n<p><\/p>\n<p><\/p>\n<p>En el supuesto de que el usuario se subscriba al blog, le informamos que los datos aportados ser\u00e1n tratados para gestionar su suscripci\u00f3n al blog informativo con aviso de actualizaci\u00f3n y que se conservar\u00e1n mientras haya un inter\u00e9s mutuo para mantener el fin del tratamiento. Cuando ya no sea necesario para tal fin, se suprimir\u00e1n con medidas de seguridad adecuadas para garantizar la seudonimizaci\u00f3n de los datos o destrucci\u00f3n total de los mismos. No se comunicar\u00e1n los datos a terceros, excepto obligaci\u00f3n legal.<\/p>\n<p><\/p>\n<p><\/p>\n<p><strong>PUBLICACI\u00d3N DE SU TESTIMONIO<\/strong><\/p>\n<p><\/p>\n<p><\/p>\n<p>En el supuesto de que el usuario quiera publicar su opini\u00f3n en la web, le informamos que los datos aportados ser\u00e1n tratados ser\u00e1n para atender las sugerencias propuestas, experiencias u opiniones respecto de los productos y\/o servicios para ser publicadas en la p\u00e1gina web y as\u00ed poder ayudar a otros usuarios. Los datos se conservar\u00e1n mientras haya un inter\u00e9s mutuo para mantener el fin del tratamiento y cuando ya no sea necesario para tal fin, se suprimir\u00e1n con medidas de seguridad adecuadas para garantizar la seudonimizaci\u00f3n de los datos o destrucci\u00f3n total de los mismos. Los testigos se publicar\u00e1n en nuestra p\u00e1gina web. El \u00fanico dato personal que se publicar\u00e1 del testigo ser\u00e1 su nombre.<\/p>\n<p><\/p>\t\t\t\t\t\t\t\t<\/div>\n\t\t\t\t<\/div>\n\t\t\t\t\t<\/div>\n\t\t<\/div>\n\t\t\t\t\t<\/div>\n\t\t<\/section>\t\t<\/div>","protected":false},"excerpt":{"rendered":"<p>\u00bfQui\u00e9nes somos? La direcci\u00f3n de nuestra web es yotangle.com y su subdominio academia.yotangle.com Qu\u00e9 datos personales recogemos y por qu\u00e9 los recogemos Comentarios Cuando los visitantes dejan comentarios en la web, recopilamos los datos que se muestran en el formulario de comentarios, as\u00ed como la direcci\u00f3n IP del visitante y la cadena de agentes de [&hellip;]<\/p>","protected":false},"author":1,"featured_media":0,"parent":0,"menu_order":0,"comment_status":"closed","ping_status":"closed","template":"","meta":{"cybocfi_hide_featured_image":"","footnotes":""},"class_list":["post-204","page","type-page","status-publish","hentry"],"_links":{"self":[{"href":"https:\/\/yotangle.com\/en\/wp-json\/wp\/v2\/pages\/204"}],"collection":[{"href":"https:\/\/yotangle.com\/en\/wp-json\/wp\/v2\/pages"}],"about":[{"href":"https:\/\/yotangle.com\/en\/wp-json\/wp\/v2\/types\/page"}],"author":[{"embeddable":true,"href":"https:\/\/yotangle.com\/en\/wp-json\/wp\/v2\/users\/1"}],"replies":[{"embeddable":true,"href":"https:\/\/yotangle.com\/en\/wp-json\/wp\/v2\/comments?post=204"}],"version-history":[{"count":19,"href":"https:\/\/yotangle.com\/en\/wp-json\/wp\/v2\/pages\/204\/revisions"}],"predecessor-version":[{"id":2274,"href":"https:\/\/yotangle.com\/en\/wp-json\/wp\/v2\/pages\/204\/revisions\/2274"}],"wp:attachment":[{"href":"https:\/\/yotangle.com\/en\/wp-json\/wp\/v2\/media?parent=204"}],"curies":[{"name":"wp","href":"https:\/\/api.w.org\/{rel}","templated":true}]}}