{"id":2685,"date":"2022-12-11T09:24:07","date_gmt":"2022-12-11T09:24:07","guid":{"rendered":"https:\/\/yotangle.com\/?page_id=2685"},"modified":"2022-12-28T15:49:59","modified_gmt":"2022-12-28T15:49:59","slug":"clases-grabadas","status":"publish","type":"page","link":"https:\/\/yotangle.com\/en\/clases-grabadas\/","title":{"rendered":"Clases Grabadas"},"content":{"rendered":"<div data-elementor-type=\"wp-page\" data-elementor-id=\"2685\" class=\"elementor elementor-2685\">\n\t\t\t\t\t\t<section class=\"elementor-section elementor-top-section elementor-element elementor-element-4cd7c8c elementor-section-boxed elementor-section-height-default elementor-section-height-default\" data-id=\"4cd7c8c\" data-element_type=\"section\">\n\t\t\t\t\t\t<div class=\"elementor-container elementor-column-gap-default\">\n\t\t\t\t\t<div class=\"elementor-column elementor-col-100 elementor-top-column elementor-element elementor-element-beda053\" data-id=\"beda053\" data-element_type=\"column\">\n\t\t\t<div class=\"elementor-widget-wrap elementor-element-populated\">\n\t\t\t\t\t\t<div class=\"elementor-element elementor-element-c128fb9 elementor-widget elementor-widget-image\" data-id=\"c128fb9\" data-element_type=\"widget\" data-widget_type=\"image.default\">\n\t\t\t\t<div class=\"elementor-widget-container\">\n\t\t\t\t\t\t\t\t\t\t\t\t\t\t\t<img fetchpriority=\"high\" decoding=\"async\" width=\"1916\" height=\"160\" src=\"https:\/\/yotangle.com\/wp-content\/uploads\/2020\/12\/detalle_arriba2.jpg\" class=\"attachment-full size-full wp-image-174\" alt=\"\" srcset=\"https:\/\/yotangle.com\/wp-content\/uploads\/2020\/12\/detalle_arriba2.jpg 1916w, https:\/\/yotangle.com\/wp-content\/uploads\/2020\/12\/detalle_arriba2-300x25.jpg 300w, https:\/\/yotangle.com\/wp-content\/uploads\/2020\/12\/detalle_arriba2-600x50.jpg 600w, https:\/\/yotangle.com\/wp-content\/uploads\/2020\/12\/detalle_arriba2-1024x86.jpg 1024w, https:\/\/yotangle.com\/wp-content\/uploads\/2020\/12\/detalle_arriba2-768x64.jpg 768w, https:\/\/yotangle.com\/wp-content\/uploads\/2020\/12\/detalle_arriba2-1536x128.jpg 1536w\" sizes=\"(max-width: 1916px) 100vw, 1916px\" \/>\t\t\t\t\t\t\t\t\t\t\t\t\t\t\t<\/div>\n\t\t\t\t<\/div>\n\t\t\t\t\t<\/div>\n\t\t<\/div>\n\t\t\t\t\t<\/div>\n\t\t<\/section>\n\t\t\t\t<section class=\"elementor-section elementor-top-section elementor-element elementor-element-c318060 elementor-section-boxed elementor-section-height-default elementor-section-height-default\" data-id=\"c318060\" data-element_type=\"section\">\n\t\t\t\t\t\t<div class=\"elementor-container elementor-column-gap-default\">\n\t\t\t\t\t<div class=\"elementor-column elementor-col-100 elementor-top-column elementor-element elementor-element-42ffeb6\" data-id=\"42ffeb6\" data-element_type=\"column\">\n\t\t\t<div class=\"elementor-widget-wrap elementor-element-populated\">\n\t\t\t\t\t\t<div class=\"elementor-element elementor-element-23e69d1 elementor-widget elementor-widget-heading\" data-id=\"23e69d1\" data-element_type=\"widget\" data-widget_type=\"heading.default\">\n\t\t\t\t<div class=\"elementor-widget-container\">\n\t\t\t\t\t<h1 class=\"elementor-heading-title elementor-size-default\">CLASES GRABADAS<\/h1>\t\t\t\t<\/div>\n\t\t\t\t<\/div>\n\t\t\t\t<div class=\"elementor-element elementor-element-0279799 elementor-widget-divider--view-line elementor-widget elementor-widget-divider\" data-id=\"0279799\" data-element_type=\"widget\" data-widget_type=\"divider.default\">\n\t\t\t\t<div class=\"elementor-widget-container\">\n\t\t\t\t\t\t\t<div class=\"elementor-divider\">\n\t\t\t<span class=\"elementor-divider-separator\">\n\t\t\t\t\t\t<\/span>\n\t\t<\/div>\n\t\t\t\t\t\t<\/div>\n\t\t\t\t<\/div>\n\t\t\t\t\t<\/div>\n\t\t<\/div>\n\t\t\t\t\t<\/div>\n\t\t<\/section>\n\t\t\t\t<section class=\"elementor-section elementor-top-section elementor-element elementor-element-57ae854 elementor-section-boxed elementor-section-height-default elementor-section-height-default\" data-id=\"57ae854\" data-element_type=\"section\">\n\t\t\t\t\t\t<div class=\"elementor-container elementor-column-gap-default\">\n\t\t\t\t\t<div class=\"elementor-column elementor-col-100 elementor-top-column elementor-element elementor-element-f72a144\" data-id=\"f72a144\" data-element_type=\"column\">\n\t\t\t<div class=\"elementor-widget-wrap elementor-element-populated\">\n\t\t\t\t\t\t<div class=\"elementor-element elementor-element-ca618b5 elementor-widget elementor-widget-text-editor\" data-id=\"ca618b5\" data-element_type=\"widget\" data-widget_type=\"text-editor.default\">\n\t\t\t\t<div class=\"elementor-widget-container\">\n\t\t\t\t\t\t\t\t\t<p>La ventaja de las clases grabadas es que las puedes hacer cuando quieras y a tu ritmo. Puedes parar el video, ir hacia atr\u00e1s, ir hacia adelante, acelerar, y adaptarte a tus horarios y a tu tiempo libre.<\/p><p>Mis videos est\u00e1n subidos en la plataforma Vimeo.<\/p><p>Estos son los videos disponibles:<\/p>\t\t\t\t\t\t\t\t<\/div>\n\t\t\t\t<\/div>\n\t\t\t\t\t<\/div>\n\t\t<\/div>\n\t\t\t\t\t<\/div>\n\t\t<\/section>\n\t\t\t\t<section class=\"elementor-section elementor-top-section elementor-element elementor-element-bff0475 elementor-section-boxed elementor-section-height-default elementor-section-height-default\" data-id=\"bff0475\" data-element_type=\"section\">\n\t\t\t\t\t\t<div class=\"elementor-container elementor-column-gap-default\">\n\t\t\t\t\t<div class=\"elementor-column elementor-col-50 elementor-top-column elementor-element elementor-element-e2444d6\" data-id=\"e2444d6\" data-element_type=\"column\">\n\t\t\t<div class=\"elementor-widget-wrap elementor-element-populated\">\n\t\t\t\t\t\t<div class=\"elementor-element elementor-element-4c33ae9 elementor-widget elementor-widget-image\" data-id=\"4c33ae9\" data-element_type=\"widget\" data-widget_type=\"image.default\">\n\t\t\t\t<div class=\"elementor-widget-container\">\n\t\t\t\t\t\t\t\t\t\t\t\t\t\t\t<img decoding=\"async\" width=\"1960\" height=\"1960\" src=\"https:\/\/yotangle.com\/wp-content\/uploads\/2022\/12\/imagen-destacada1.jpg\" class=\"attachment-full size-full wp-image-2709\" alt=\"\" srcset=\"https:\/\/yotangle.com\/wp-content\/uploads\/2022\/12\/imagen-destacada1.jpg 1960w, https:\/\/yotangle.com\/wp-content\/uploads\/2022\/12\/imagen-destacada1-300x300.jpg 300w, https:\/\/yotangle.com\/wp-content\/uploads\/2022\/12\/imagen-destacada1-100x100.jpg 100w, https:\/\/yotangle.com\/wp-content\/uploads\/2022\/12\/imagen-destacada1-600x600.jpg 600w, https:\/\/yotangle.com\/wp-content\/uploads\/2022\/12\/imagen-destacada1-1024x1024.jpg 1024w, https:\/\/yotangle.com\/wp-content\/uploads\/2022\/12\/imagen-destacada1-150x150.jpg 150w, https:\/\/yotangle.com\/wp-content\/uploads\/2022\/12\/imagen-destacada1-768x768.jpg 768w, https:\/\/yotangle.com\/wp-content\/uploads\/2022\/12\/imagen-destacada1-1536x1536.jpg 1536w, https:\/\/yotangle.com\/wp-content\/uploads\/2022\/12\/imagen-destacada1-12x12.jpg 12w\" sizes=\"(max-width: 1960px) 100vw, 1960px\" \/>\t\t\t\t\t\t\t\t\t\t\t\t\t\t\t<\/div>\n\t\t\t\t<\/div>\n\t\t\t\t\t<\/div>\n\t\t<\/div>\n\t\t\t\t<div class=\"elementor-column elementor-col-50 elementor-top-column elementor-element elementor-element-0c17987\" data-id=\"0c17987\" data-element_type=\"column\">\n\t\t\t<div class=\"elementor-widget-wrap elementor-element-populated\">\n\t\t\t\t\t\t<div class=\"elementor-element elementor-element-de8b4aa elementor-widget elementor-widget-heading\" data-id=\"de8b4aa\" data-element_type=\"widget\" data-widget_type=\"heading.default\">\n\t\t\t\t<div class=\"elementor-widget-container\">\n\t\t\t\t\t<h2 class=\"elementor-heading-title elementor-size-default\">Taller Navide\u00f1o<br>M\u00f3vil de Estrellas<\/h2>\t\t\t\t<\/div>\n\t\t\t\t<\/div>\n\t\t\t\t<div class=\"elementor-element elementor-element-1ed4773 elementor-widget elementor-widget-text-editor\" data-id=\"1ed4773\" data-element_type=\"widget\" data-widget_type=\"text-editor.default\">\n\t\t\t\t<div class=\"elementor-widget-container\">\n\t\t\t\t\t\t\t\t\t<p>En este taller haremos un m\u00f3vil de estrellas que ser\u00e1 un detalle precioso para tu decoraci\u00f3n navide\u00f1a.<\/p><p>Necesitar\u00e1s los siguientes materiales:<\/p><ul><li>3 cuadrados rojos de 10.5 x 10.5 cm de papel de cartulina o papel de m\u00ednimo 120 gr.<\/li><li>Rotulador calibrado 01 negro<\/li><li>Rotulador calibrado 05 negro o PN<\/li><li>L\u00e1piz grafico 2B<\/li><li>Blender pencil<\/li><li>Lima o lija para limpiar el difumino<\/li><li>White gel pen<\/li><li>Rotulador de gel dorado<\/li><li>L\u00e1piz de pastel blanco<\/li><li>L\u00e1piz de pastel amarillo<\/li><li>Cinta o cordel<\/li><li>Abalorios tipo cuenta (opcional)<\/li><\/ul>\t\t\t\t\t\t\t\t<\/div>\n\t\t\t\t<\/div>\n\t\t\t\t<div class=\"elementor-element elementor-element-9476913 elementor-button-info elementor-align-center elementor-widget elementor-widget-button\" data-id=\"9476913\" data-element_type=\"widget\" data-widget_type=\"button.default\">\n\t\t\t\t<div class=\"elementor-widget-container\">\n\t\t\t\t\t\t\t\t\t<div class=\"elementor-button-wrapper\">\n\t\t\t\t\t<a class=\"elementor-button elementor-button-link elementor-size-sm\" href=\"https:\/\/vimeo.com\/ondemand\/415745\">\n\t\t\t\t\t\t<span class=\"elementor-button-content-wrapper\">\n\t\t\t\t\t\t\t\t\t<span class=\"elementor-button-text\">Acceder al taller<\/span>\n\t\t\t\t\t<\/span>\n\t\t\t\t\t<\/a>\n\t\t\t\t<\/div>\n\t\t\t\t\t\t\t\t<\/div>\n\t\t\t\t<\/div>\n\t\t\t\t\t<\/div>\n\t\t<\/div>\n\t\t\t\t\t<\/div>\n\t\t<\/section>\n\t\t\t\t<section class=\"elementor-section elementor-top-section elementor-element elementor-element-96e25dc elementor-section-boxed elementor-section-height-default elementor-section-height-default\" data-id=\"96e25dc\" data-element_type=\"section\">\n\t\t\t\t\t\t<div class=\"elementor-container elementor-column-gap-default\">\n\t\t\t\t\t<div class=\"elementor-column elementor-col-100 elementor-top-column elementor-element elementor-element-88ed437\" data-id=\"88ed437\" data-element_type=\"column\">\n\t\t\t<div class=\"elementor-widget-wrap elementor-element-populated\">\n\t\t\t\t\t\t<div class=\"elementor-element elementor-element-06d6d04 elementor-widget-divider--view-line elementor-widget elementor-widget-divider\" data-id=\"06d6d04\" data-element_type=\"widget\" data-widget_type=\"divider.default\">\n\t\t\t\t<div class=\"elementor-widget-container\">\n\t\t\t\t\t\t\t<div class=\"elementor-divider\">\n\t\t\t<span class=\"elementor-divider-separator\">\n\t\t\t\t\t\t<\/span>\n\t\t<\/div>\n\t\t\t\t\t\t<\/div>\n\t\t\t\t<\/div>\n\t\t\t\t\t<\/div>\n\t\t<\/div>\n\t\t\t\t\t<\/div>\n\t\t<\/section>\n\t\t\t\t<section class=\"elementor-section elementor-top-section elementor-element elementor-element-e392554 elementor-section-boxed elementor-section-height-default elementor-section-height-default\" data-id=\"e392554\" data-element_type=\"section\">\n\t\t\t\t\t\t<div class=\"elementor-container elementor-column-gap-default\">\n\t\t\t\t\t<div class=\"elementor-column elementor-col-50 elementor-top-column elementor-element elementor-element-7b3024b\" data-id=\"7b3024b\" data-element_type=\"column\">\n\t\t\t<div class=\"elementor-widget-wrap elementor-element-populated\">\n\t\t\t\t\t\t<div class=\"elementor-element elementor-element-1e49b10 elementor-widget elementor-widget-image\" data-id=\"1e49b10\" data-element_type=\"widget\" data-widget_type=\"image.default\">\n\t\t\t\t<div class=\"elementor-widget-container\">\n\t\t\t\t\t\t\t\t\t\t\t\t\t\t\t<img decoding=\"async\" width=\"1960\" height=\"1960\" src=\"https:\/\/yotangle.com\/wp-content\/uploads\/2022\/12\/curso_web.jpg\" class=\"attachment-full size-full wp-image-2746\" alt=\"\" srcset=\"https:\/\/yotangle.com\/wp-content\/uploads\/2022\/12\/curso_web.jpg 1960w, https:\/\/yotangle.com\/wp-content\/uploads\/2022\/12\/curso_web-300x300.jpg 300w, https:\/\/yotangle.com\/wp-content\/uploads\/2022\/12\/curso_web-100x100.jpg 100w, https:\/\/yotangle.com\/wp-content\/uploads\/2022\/12\/curso_web-600x600.jpg 600w, https:\/\/yotangle.com\/wp-content\/uploads\/2022\/12\/curso_web-1024x1024.jpg 1024w, https:\/\/yotangle.com\/wp-content\/uploads\/2022\/12\/curso_web-150x150.jpg 150w, https:\/\/yotangle.com\/wp-content\/uploads\/2022\/12\/curso_web-768x768.jpg 768w, https:\/\/yotangle.com\/wp-content\/uploads\/2022\/12\/curso_web-1536x1536.jpg 1536w, https:\/\/yotangle.com\/wp-content\/uploads\/2022\/12\/curso_web-12x12.jpg 12w\" sizes=\"(max-width: 1960px) 100vw, 1960px\" \/>\t\t\t\t\t\t\t\t\t\t\t\t\t\t\t<\/div>\n\t\t\t\t<\/div>\n\t\t\t\t\t<\/div>\n\t\t<\/div>\n\t\t\t\t<div class=\"elementor-column elementor-col-50 elementor-top-column elementor-element elementor-element-f289b12\" data-id=\"f289b12\" data-element_type=\"column\">\n\t\t\t<div class=\"elementor-widget-wrap elementor-element-populated\">\n\t\t\t\t\t\t<div class=\"elementor-element elementor-element-5df0856 elementor-widget elementor-widget-heading\" data-id=\"5df0856\" data-element_type=\"widget\" data-widget_type=\"heading.default\">\n\t\t\t\t<div class=\"elementor-widget-container\">\n\t\t\t\t\t<h2 class=\"elementor-heading-title elementor-size-default\">Taller Navide\u00f1o<br>Colgante \u00c1rbol<\/h2>\t\t\t\t<\/div>\n\t\t\t\t<\/div>\n\t\t\t\t<div class=\"elementor-element elementor-element-5e70efe elementor-widget elementor-widget-text-editor\" data-id=\"5e70efe\" data-element_type=\"widget\" data-widget_type=\"text-editor.default\">\n\t\t\t\t<div class=\"elementor-widget-container\">\n\t\t\t\t\t\t\t\t\t<p>En este taller haremos un m\u00f3vil de estrellas que ser\u00e1 un detalle precioso para tu decoraci\u00f3n navide\u00f1a.<\/p><p>Necesitar\u00e1s los siguientes materiales:<\/p><ul><li>La plantilla que te enviar\u00e9 por e-mail. (Cuando compres el taller env\u00edame un e-mail a yolanda@yotangle.com y te enviar\u00e9 la plantilla)<\/li><li>Tijeras para cortar la plantilla<\/li><li>Rotulador calibrado 01 negro<\/li><li>Rotulador calibrado 05 negro o similar<\/li><li>L\u00e1piz grafico 2B<\/li><li>Blender pencil<\/li><li>Lima o lija para limpiar el difumino<\/li><li>L\u00e1pices pastel de colores<\/li><li>Cinta o cordel<\/li><li>pegamento<\/li><\/ul>\t\t\t\t\t\t\t\t<\/div>\n\t\t\t\t<\/div>\n\t\t\t\t<div class=\"elementor-element elementor-element-21695c4 elementor-button-info elementor-align-center elementor-widget elementor-widget-button\" data-id=\"21695c4\" data-element_type=\"widget\" data-widget_type=\"button.default\">\n\t\t\t\t<div class=\"elementor-widget-container\">\n\t\t\t\t\t\t\t\t\t<div class=\"elementor-button-wrapper\">\n\t\t\t\t\t<a class=\"elementor-button elementor-button-link elementor-size-sm\" href=\"https:\/\/vimeo.com\/ondemand\/417806\">\n\t\t\t\t\t\t<span class=\"elementor-button-content-wrapper\">\n\t\t\t\t\t\t\t\t\t<span class=\"elementor-button-text\">Acceder al taller<\/span>\n\t\t\t\t\t<\/span>\n\t\t\t\t\t<\/a>\n\t\t\t\t<\/div>\n\t\t\t\t\t\t\t\t<\/div>\n\t\t\t\t<\/div>\n\t\t\t\t\t<\/div>\n\t\t<\/div>\n\t\t\t\t\t<\/div>\n\t\t<\/section>\n\t\t\t\t<\/div>","protected":false},"excerpt":{"rendered":"<p>CLASES GRABADAS La ventaja de las clases grabadas es que las puedes hacer cuando quieras y a tu ritmo. Puedes parar el video, ir hacia atr\u00e1s, ir hacia adelante, acelerar, y adaptarte a tus horarios y a tu tiempo libre. Mis videos est\u00e1n subidos en la plataforma Vimeo. Estos son los videos disponibles: Taller Navide\u00f1oM\u00f3vil [&hellip;]<\/p>","protected":false},"author":1,"featured_media":0,"parent":0,"menu_order":0,"comment_status":"closed","ping_status":"closed","template":"","meta":{"cybocfi_hide_featured_image":"","footnotes":""},"class_list":["post-2685","page","type-page","status-publish","hentry"],"_links":{"self":[{"href":"https:\/\/yotangle.com\/en\/wp-json\/wp\/v2\/pages\/2685"}],"collection":[{"href":"https:\/\/yotangle.com\/en\/wp-json\/wp\/v2\/pages"}],"about":[{"href":"https:\/\/yotangle.com\/en\/wp-json\/wp\/v2\/types\/page"}],"author":[{"embeddable":true,"href":"https:\/\/yotangle.com\/en\/wp-json\/wp\/v2\/users\/1"}],"replies":[{"embeddable":true,"href":"https:\/\/yotangle.com\/en\/wp-json\/wp\/v2\/comments?post=2685"}],"version-history":[{"count":52,"href":"https:\/\/yotangle.com\/en\/wp-json\/wp\/v2\/pages\/2685\/revisions"}],"predecessor-version":[{"id":2750,"href":"https:\/\/yotangle.com\/en\/wp-json\/wp\/v2\/pages\/2685\/revisions\/2750"}],"wp:attachment":[{"href":"https:\/\/yotangle.com\/en\/wp-json\/wp\/v2\/media?parent=2685"}],"curies":[{"name":"wp","href":"https:\/\/api.w.org\/{rel}","templated":true}]}}