{"id":31,"date":"2020-12-09T14:08:18","date_gmt":"2020-12-09T14:08:18","guid":{"rendered":"http:\/\/yotangle.com\/?page_id=31"},"modified":"2021-04-05T08:03:34","modified_gmt":"2021-04-05T08:03:34","slug":"quien-soy","status":"publish","type":"page","link":"https:\/\/yotangle.com\/en\/quien-soy\/","title":{"rendered":"Who I am?"},"content":{"rendered":"<div data-elementor-type=\"wp-page\" data-elementor-id=\"31\" class=\"elementor elementor-31\">\n\t\t\t\t\t\t<section class=\"elementor-section elementor-top-section elementor-element elementor-element-22d4e7e elementor-section-boxed elementor-section-height-default elementor-section-height-default\" data-id=\"22d4e7e\" data-element_type=\"section\">\n\t\t\t\t\t\t<div class=\"elementor-container elementor-column-gap-default\">\n\t\t\t\t\t<div class=\"elementor-column elementor-col-100 elementor-top-column elementor-element elementor-element-4ce1134\" data-id=\"4ce1134\" data-element_type=\"column\">\n\t\t\t<div class=\"elementor-widget-wrap elementor-element-populated\">\n\t\t\t\t\t\t<div class=\"elementor-element elementor-element-5518a87 elementor-widget elementor-widget-image\" data-id=\"5518a87\" data-element_type=\"widget\" data-widget_type=\"image.default\">\n\t\t\t\t<div class=\"elementor-widget-container\">\n\t\t\t\t\t\t\t\t\t\t\t\t\t\t\t<img fetchpriority=\"high\" decoding=\"async\" width=\"1916\" height=\"160\" src=\"https:\/\/yotangle.com\/wp-content\/uploads\/2020\/12\/detalle_arriba2.jpg\" class=\"attachment-full size-full wp-image-174\" alt=\"\" srcset=\"https:\/\/yotangle.com\/wp-content\/uploads\/2020\/12\/detalle_arriba2.jpg 1916w, https:\/\/yotangle.com\/wp-content\/uploads\/2020\/12\/detalle_arriba2-300x25.jpg 300w, https:\/\/yotangle.com\/wp-content\/uploads\/2020\/12\/detalle_arriba2-600x50.jpg 600w, https:\/\/yotangle.com\/wp-content\/uploads\/2020\/12\/detalle_arriba2-1024x86.jpg 1024w, https:\/\/yotangle.com\/wp-content\/uploads\/2020\/12\/detalle_arriba2-768x64.jpg 768w, https:\/\/yotangle.com\/wp-content\/uploads\/2020\/12\/detalle_arriba2-1536x128.jpg 1536w\" sizes=\"(max-width: 1916px) 100vw, 1916px\" \/>\t\t\t\t\t\t\t\t\t\t\t\t\t\t\t<\/div>\n\t\t\t\t<\/div>\n\t\t\t\t\t<\/div>\n\t\t<\/div>\n\t\t\t\t\t<\/div>\n\t\t<\/section>\n\t\t\t\t<section class=\"elementor-section elementor-top-section elementor-element elementor-element-da0f044 elementor-section-boxed elementor-section-height-default elementor-section-height-default\" data-id=\"da0f044\" data-element_type=\"section\">\n\t\t\t\t\t\t<div class=\"elementor-container elementor-column-gap-default\">\n\t\t\t\t\t<div class=\"elementor-column elementor-col-100 elementor-top-column elementor-element elementor-element-dd33a5c\" data-id=\"dd33a5c\" data-element_type=\"column\">\n\t\t\t<div class=\"elementor-widget-wrap elementor-element-populated\">\n\t\t\t\t\t\t<div class=\"elementor-element elementor-element-dd332fb elementor-widget elementor-widget-heading\" data-id=\"dd332fb\" data-element_type=\"widget\" data-widget_type=\"heading.default\">\n\t\t\t\t<div class=\"elementor-widget-container\">\n\t\t\t\t\t<h1 class=\"elementor-heading-title elementor-size-default\">ABOUT ME<\/h1>\t\t\t\t<\/div>\n\t\t\t\t<\/div>\n\t\t\t\t<div class=\"elementor-element elementor-element-43a0acc elementor-widget-divider--view-line elementor-widget elementor-widget-divider\" data-id=\"43a0acc\" data-element_type=\"widget\" data-widget_type=\"divider.default\">\n\t\t\t\t<div class=\"elementor-widget-container\">\n\t\t\t\t\t\t\t<div class=\"elementor-divider\">\n\t\t\t<span class=\"elementor-divider-separator\">\n\t\t\t\t\t\t<\/span>\n\t\t<\/div>\n\t\t\t\t\t\t<\/div>\n\t\t\t\t<\/div>\n\t\t\t\t\t<\/div>\n\t\t<\/div>\n\t\t\t\t\t<\/div>\n\t\t<\/section>\n\t\t\t\t<section class=\"elementor-section elementor-top-section elementor-element elementor-element-768f035 elementor-section-boxed elementor-section-height-default elementor-section-height-default\" data-id=\"768f035\" data-element_type=\"section\">\n\t\t\t\t\t\t<div class=\"elementor-container elementor-column-gap-default\">\n\t\t\t\t\t<div class=\"elementor-column elementor-col-50 elementor-top-column elementor-element elementor-element-84cf949\" data-id=\"84cf949\" data-element_type=\"column\">\n\t\t\t<div class=\"elementor-widget-wrap elementor-element-populated\">\n\t\t\t\t\t\t<div class=\"elementor-element elementor-element-3f8f4a6 elementor-invisible elementor-widget elementor-widget-image\" data-id=\"3f8f4a6\" data-element_type=\"widget\" data-settings=\"{&quot;_animation&quot;:&quot;fadeInLeft&quot;}\" data-widget_type=\"image.default\">\n\t\t\t\t<div class=\"elementor-widget-container\">\n\t\t\t\t\t\t\t\t\t\t\t\t\t\t\t<img decoding=\"async\" width=\"768\" height=\"768\" src=\"https:\/\/yotangle.com\/wp-content\/uploads\/2020\/12\/foto_perfil_5-768x768.jpg\" class=\"attachment-medium_large size-medium_large wp-image-212\" alt=\"\" srcset=\"https:\/\/yotangle.com\/wp-content\/uploads\/2020\/12\/foto_perfil_5-768x768.jpg 768w, https:\/\/yotangle.com\/wp-content\/uploads\/2020\/12\/foto_perfil_5-300x300.jpg 300w, https:\/\/yotangle.com\/wp-content\/uploads\/2020\/12\/foto_perfil_5-100x100.jpg 100w, https:\/\/yotangle.com\/wp-content\/uploads\/2020\/12\/foto_perfil_5-600x600.jpg 600w, https:\/\/yotangle.com\/wp-content\/uploads\/2020\/12\/foto_perfil_5-150x150.jpg 150w, https:\/\/yotangle.com\/wp-content\/uploads\/2020\/12\/foto_perfil_5.jpg 1024w\" sizes=\"(max-width: 768px) 100vw, 768px\" \/>\t\t\t\t\t\t\t\t\t\t\t\t\t\t\t<\/div>\n\t\t\t\t<\/div>\n\t\t\t\t<div class=\"elementor-element elementor-element-44daf6a elementor-drop-cap-yes elementor-hidden-desktop elementor-drop-cap-view-default elementor-invisible elementor-widget elementor-widget-text-editor\" data-id=\"44daf6a\" data-element_type=\"widget\" data-settings=\"{&quot;drop_cap&quot;:&quot;yes&quot;,&quot;_animation&quot;:&quot;fadeInRight&quot;}\" data-widget_type=\"text-editor.default\">\n\t\t\t\t<div class=\"elementor-widget-container\">\n\t\t\t\t\t\t\t\t\t<p>My name is Yolanda and I live in the wonderful creative bubble, full of peace and positivity of Zentangle\u00a9. When I discovered the Zentangle Method, one of the things that I liked the most was the lack of great expectations that are usually associated with the art world.\u00a0<\/p><p>I have always loved drawing but it is very easy to fall into frustration for not mastering a technique, of not finishing a project because it is too ambitious, that the portrait that you have been working on with so much care for hours and hours does not resemble the original at all.<\/p>\t\t\t\t\t\t\t\t<\/div>\n\t\t\t\t<\/div>\n\t\t\t\t<div class=\"elementor-element elementor-element-5f9ffbb elementor-hidden-desktop elementor-widget elementor-widget-image\" data-id=\"5f9ffbb\" data-element_type=\"widget\" data-widget_type=\"image.default\">\n\t\t\t\t<div class=\"elementor-widget-container\">\n\t\t\t\t\t\t\t\t\t\t\t\t\t\t\t<img decoding=\"async\" width=\"770\" height=\"595\" src=\"https:\/\/yotangle.com\/wp-content\/uploads\/2021\/01\/hennadrum-1024x791.png\" class=\"attachment-large size-large wp-image-1071\" alt=\"hennadrum\" srcset=\"https:\/\/yotangle.com\/wp-content\/uploads\/2021\/01\/hennadrum-1024x791.png 1024w, https:\/\/yotangle.com\/wp-content\/uploads\/2021\/01\/hennadrum-300x232.png 300w, https:\/\/yotangle.com\/wp-content\/uploads\/2021\/01\/hennadrum-600x464.png 600w, https:\/\/yotangle.com\/wp-content\/uploads\/2021\/01\/hennadrum-768x593.png 768w, https:\/\/yotangle.com\/wp-content\/uploads\/2021\/01\/hennadrum.png 1430w\" sizes=\"(max-width: 770px) 100vw, 770px\" \/>\t\t\t\t\t\t\t\t\t\t\t\t\t\t\t<\/div>\n\t\t\t\t<\/div>\n\t\t\t\t<div class=\"elementor-element elementor-element-6a10706 elementor-widget elementor-widget-text-editor\" data-id=\"6a10706\" data-element_type=\"widget\" data-widget_type=\"text-editor.default\">\n\t\t\t\t<div class=\"elementor-widget-container\">\n\t\t\t\t\t\t\t\t\t<p>Zentangle is a return to the mere enjoyment of drawing, to the pleasure of spending time with yourself, drawing without the anxiety of not knowing what step comes next.<\/p><p>Zentangle improves concentration and creativity. Helps with stress and depression. And it\u2019s for all ages.<\/p><p>Come and discover Zentangle with me. I do face-to-face, Zoom and pre-recorded lessons.<\/p>\t\t\t\t\t\t\t\t<\/div>\n\t\t\t\t<\/div>\n\t\t\t\t<div class=\"elementor-element elementor-element-a7d73ee elementor-align-center elementor-widget elementor-widget-button\" data-id=\"a7d73ee\" data-element_type=\"widget\" data-widget_type=\"button.default\">\n\t\t\t\t<div class=\"elementor-widget-container\">\n\t\t\t\t\t\t\t\t\t<div class=\"elementor-button-wrapper\">\n\t\t\t\t\t<a class=\"elementor-button elementor-button-link elementor-size-md elementor-animation-grow\" href=\"https:\/\/yotangle.com\/en\/precios_y_horarios\/\">\n\t\t\t\t\t\t<span class=\"elementor-button-content-wrapper\">\n\t\t\t\t\t\t\t\t\t<span class=\"elementor-button-text\">Prices &amp; Time Table<\/span>\n\t\t\t\t\t<\/span>\n\t\t\t\t\t<\/a>\n\t\t\t\t<\/div>\n\t\t\t\t\t\t\t\t<\/div>\n\t\t\t\t<\/div>\n\t\t\t\t\t<\/div>\n\t\t<\/div>\n\t\t\t\t<div class=\"elementor-column elementor-col-50 elementor-top-column elementor-element elementor-element-8b79d8f\" data-id=\"8b79d8f\" data-element_type=\"column\">\n\t\t\t<div class=\"elementor-widget-wrap elementor-element-populated\">\n\t\t\t\t\t\t<section class=\"elementor-section elementor-inner-section elementor-element elementor-element-0391fb9 elementor-section-boxed elementor-section-height-default elementor-section-height-default\" data-id=\"0391fb9\" data-element_type=\"section\" data-settings=\"{&quot;background_background&quot;:&quot;classic&quot;}\">\n\t\t\t\t\t\t<div class=\"elementor-container elementor-column-gap-default\">\n\t\t\t\t\t<div class=\"elementor-column elementor-col-100 elementor-inner-column elementor-element elementor-element-068e3b6\" data-id=\"068e3b6\" data-element_type=\"column\">\n\t\t\t<div class=\"elementor-widget-wrap elementor-element-populated\">\n\t\t\t\t\t\t<div class=\"elementor-element elementor-element-228380c elementor-drop-cap-yes elementor-hidden-tablet elementor-hidden-phone elementor-drop-cap-view-default elementor-invisible elementor-widget elementor-widget-text-editor\" data-id=\"228380c\" data-element_type=\"widget\" data-settings=\"{&quot;drop_cap&quot;:&quot;yes&quot;,&quot;_animation&quot;:&quot;fadeInRight&quot;}\" data-widget_type=\"text-editor.default\">\n\t\t\t\t<div class=\"elementor-widget-container\">\n\t\t\t\t\t\t\t\t\t<p>My name is Yolanda and I live in the wonderful creative bubble, full of peace and positivity of Zentangle\u00a9. When I discovered the Zentangle Method, one of the things that I liked the most was the lack of great expectations that are usually associated with the art world.\u00a0<\/p><p>I have always loved drawing but it is very easy to fall into frustration for not mastering a technique, of not finishing a project because it is too ambitious, that the portrait that you have been working on with so much care for hours and hours does not resemble the original at all.<\/p>\t\t\t\t\t\t\t\t<\/div>\n\t\t\t\t<\/div>\n\t\t\t\t\t<\/div>\n\t\t<\/div>\n\t\t\t\t\t<\/div>\n\t\t<\/section>\n\t\t\t\t<div class=\"elementor-element elementor-element-b982320 elementor-widget-divider--view-line elementor-widget elementor-widget-divider\" data-id=\"b982320\" data-element_type=\"widget\" data-widget_type=\"divider.default\">\n\t\t\t\t<div class=\"elementor-widget-container\">\n\t\t\t\t\t\t\t<div class=\"elementor-divider\">\n\t\t\t<span class=\"elementor-divider-separator\">\n\t\t\t\t\t\t<\/span>\n\t\t<\/div>\n\t\t\t\t\t\t<\/div>\n\t\t\t\t<\/div>\n\t\t\t\t<div class=\"elementor-element elementor-element-5e3385f elementor-invisible elementor-widget elementor-widget-text-editor\" data-id=\"5e3385f\" data-element_type=\"widget\" data-settings=\"{&quot;_animation&quot;:&quot;bounceIn&quot;}\" data-widget_type=\"text-editor.default\">\n\t\t\t\t<div class=\"elementor-widget-container\">\n\t\t\t\t\t\t\t\t\t<p>\"I've would never imagined that I could be drawing for more than one hour on such a small piece of paper\"<\/p>\t\t\t\t\t\t\t\t<\/div>\n\t\t\t\t<\/div>\n\t\t\t\t<div class=\"elementor-element elementor-element-5f338fa elementor-widget-divider--view-line elementor-widget elementor-widget-divider\" data-id=\"5f338fa\" data-element_type=\"widget\" data-widget_type=\"divider.default\">\n\t\t\t\t<div class=\"elementor-widget-container\">\n\t\t\t\t\t\t\t<div class=\"elementor-divider\">\n\t\t\t<span class=\"elementor-divider-separator\">\n\t\t\t\t\t\t<\/span>\n\t\t<\/div>\n\t\t\t\t\t\t<\/div>\n\t\t\t\t<\/div>\n\t\t\t\t<div class=\"elementor-element elementor-element-b03a170 elementor-hidden-tablet elementor-hidden-phone elementor-widget elementor-widget-image\" data-id=\"b03a170\" data-element_type=\"widget\" data-widget_type=\"image.default\">\n\t\t\t\t<div class=\"elementor-widget-container\">\n\t\t\t\t\t\t\t\t\t\t\t\t\t\t\t<img loading=\"lazy\" decoding=\"async\" width=\"770\" height=\"308\" src=\"https:\/\/yotangle.com\/wp-content\/uploads\/2021\/01\/20210127_091115.png\" class=\"attachment-large size-large wp-image-1064\" alt=\"roundsquare\" srcset=\"https:\/\/yotangle.com\/wp-content\/uploads\/2021\/01\/20210127_091115.png 900w, https:\/\/yotangle.com\/wp-content\/uploads\/2021\/01\/20210127_091115-300x120.png 300w, https:\/\/yotangle.com\/wp-content\/uploads\/2021\/01\/20210127_091115-600x240.png 600w, https:\/\/yotangle.com\/wp-content\/uploads\/2021\/01\/20210127_091115-768x307.png 768w\" sizes=\"(max-width: 770px) 100vw, 770px\" \/>\t\t\t\t\t\t\t\t\t\t\t\t\t\t\t<\/div>\n\t\t\t\t<\/div>\n\t\t\t\t\t<\/div>\n\t\t<\/div>\n\t\t\t\t\t<\/div>\n\t\t<\/section>\n\t\t\t\t<\/div>","protected":false},"excerpt":{"rendered":"<p>\u00bfQUI\u00c9N SOY? Me llamo Yolanda y vivo en la maravillosa burbuja creativa, llena de paz y positivismo de Zentangle\u00a9. Cuando descubr\u00ed el m\u00e9todo Zentangle una de las cosas que m\u00e1s me gust\u00f3 fue la falta de grandes pretensiones que normalmente vienen asociadas al mundo del arte.\u00a0 Siempre me ha gustado dibujar pero es muy f\u00e1cil [&hellip;]<\/p>","protected":false},"author":1,"featured_media":0,"parent":0,"menu_order":0,"comment_status":"closed","ping_status":"closed","template":"","meta":{"cybocfi_hide_featured_image":"","footnotes":""},"class_list":["post-31","page","type-page","status-publish","hentry"],"_links":{"self":[{"href":"https:\/\/yotangle.com\/en\/wp-json\/wp\/v2\/pages\/31"}],"collection":[{"href":"https:\/\/yotangle.com\/en\/wp-json\/wp\/v2\/pages"}],"about":[{"href":"https:\/\/yotangle.com\/en\/wp-json\/wp\/v2\/types\/page"}],"author":[{"embeddable":true,"href":"https:\/\/yotangle.com\/en\/wp-json\/wp\/v2\/users\/1"}],"replies":[{"embeddable":true,"href":"https:\/\/yotangle.com\/en\/wp-json\/wp\/v2\/comments?post=31"}],"version-history":[{"count":141,"href":"https:\/\/yotangle.com\/en\/wp-json\/wp\/v2\/pages\/31\/revisions"}],"predecessor-version":[{"id":2275,"href":"https:\/\/yotangle.com\/en\/wp-json\/wp\/v2\/pages\/31\/revisions\/2275"}],"wp:attachment":[{"href":"https:\/\/yotangle.com\/en\/wp-json\/wp\/v2\/media?parent=31"}],"curies":[{"name":"wp","href":"https:\/\/api.w.org\/{rel}","templated":true}]}}