{"id":314,"date":"2021-01-22T09:20:13","date_gmt":"2021-01-22T09:20:13","guid":{"rendered":"http:\/\/yotangle.com\/?page_id=314"},"modified":"2021-01-23T07:37:37","modified_gmt":"2021-01-23T07:37:37","slug":"prueba-con-elementor","status":"publish","type":"page","link":"https:\/\/yotangle.com\/en\/prueba-con-elementor\/","title":{"rendered":"prueba con Elementor"},"content":{"rendered":"<div data-elementor-type=\"wp-page\" data-elementor-id=\"314\" class=\"elementor elementor-314\">\n\t\t\t\t\t\t<div class=\"elementor-section elementor-top-section elementor-element elementor-element-f3e8997 elementor-section-boxed elementor-section-height-default elementor-section-height-default\" data-id=\"f3e8997\" data-element_type=\"section\" data-settings=\"{&quot;background_background&quot;:&quot;classic&quot;}\">\n\t\t\t\t\t\t<div class=\"elementor-container elementor-column-gap-default\">\n\t\t\t\t\t<div class=\"elementor-column elementor-col-66 elementor-top-column elementor-element elementor-element-17fb570\" data-id=\"17fb570\" data-element_type=\"column\">\n\t\t\t<div class=\"elementor-widget-wrap elementor-element-populated\">\n\t\t\t\t\t\t<div class=\"elementor-element elementor-element-469f9f4 elementor-invisible elementor-widget elementor-widget-heading\" data-id=\"469f9f4\" data-element_type=\"widget\" data-settings=\"{&quot;_animation&quot;:&quot;swing&quot;}\" data-widget_type=\"heading.default\">\n\t\t\t\t<div class=\"elementor-widget-container\">\n\t\t\t\t\t<h1 class=\"elementor-heading-title elementor-size-default\"><a href=\"http:\/\/yotangle.com\/en\/prueba-con-elementor\/\">Yotangle<\/a><\/h1>\t\t\t\t<\/div>\n\t\t\t\t<\/div>\n\t\t\t\t\t<\/div>\n\t\t<\/div>\n\t\t\t\t<nav class=\"elementor-column elementor-col-33 elementor-top-column elementor-element elementor-element-5f4739f\" data-id=\"5f4739f\" data-element_type=\"column\">\n\t\t\t<div class=\"elementor-widget-wrap elementor-element-populated\">\n\t\t\t\t\t\t<div class=\"elementor-element elementor-element-f31ffd2 elementor-icon-list--layout-inline elementor-align-left elementor-list-item-link-full_width elementor-widget elementor-widget-icon-list\" data-id=\"f31ffd2\" data-element_type=\"widget\" data-widget_type=\"icon-list.default\">\n\t\t\t\t<div class=\"elementor-widget-container\">\n\t\t\t\t\t\t\t<ul class=\"elementor-icon-list-items elementor-inline-items\">\n\t\t\t\t\t\t\t<li class=\"elementor-icon-list-item elementor-inline-item\">\n\t\t\t\t\t\t\t\t\t\t<span class=\"elementor-icon-list-text\">p\u00e1gina 1<\/span>\n\t\t\t\t\t\t\t\t\t<\/li>\n\t\t\t\t\t\t\t\t<li class=\"elementor-icon-list-item elementor-inline-item\">\n\t\t\t\t\t\t\t\t\t\t<span class=\"elementor-icon-list-text\">p\u00e1gina 2<\/span>\n\t\t\t\t\t\t\t\t\t<\/li>\n\t\t\t\t\t\t\t\t<li class=\"elementor-icon-list-item elementor-inline-item\">\n\t\t\t\t\t\t\t\t\t\t\t<a href=\"http:\/\/yotangle.com\/en\/\">\n\n\t\t\t\t\t\t\t\t\t\t\t<span class=\"elementor-icon-list-text\">p\u00e1gina 3<\/span>\n\t\t\t\t\t\t\t\t\t\t\t<\/a>\n\t\t\t\t\t\t\t\t\t<\/li>\n\t\t\t\t\t\t<\/ul>\n\t\t\t\t\t\t<\/div>\n\t\t\t\t<\/div>\n\t\t\t\t\t<\/div>\n\t\t<\/nav>\n\t\t\t\t\t<\/div>\n\t\t<\/div>\n\t\t\t\t<section class=\"elementor-section elementor-top-section elementor-element elementor-element-0256d78 elementor-section-boxed elementor-section-height-default elementor-section-height-default\" data-id=\"0256d78\" data-element_type=\"section\" data-settings=\"{&quot;shape_divider_bottom&quot;:&quot;mountains&quot;}\">\n\t\t\t\t\t<div class=\"elementor-shape elementor-shape-bottom\" aria-hidden=\"true\" data-negative=\"false\">\n\t\t\t<svg xmlns=\"http:\/\/www.w3.org\/2000\/svg\" viewbox=\"0 0 1000 100\" preserveaspectratio=\"none\">\n\t<path class=\"elementor-shape-fill\" opacity=\"0.33\" d=\"M473,67.3c-203.9,88.3-263.1-34-320.3,0C66,119.1,0,59.7,0,59.7V0h1000v59.7 c0,0-62.1,26.1-94.9,29.3c-32.8,3.3-62.8-12.3-75.8-22.1C806,49.6,745.3,8.7,694.9,4.7S492.4,59,473,67.3z\"\/>\n\t<path class=\"elementor-shape-fill\" opacity=\"0.66\" d=\"M734,67.3c-45.5,0-77.2-23.2-129.1-39.1c-28.6-8.7-150.3-10.1-254,39.1 s-91.7-34.4-149.2,0C115.7,118.3,0,39.8,0,39.8V0h1000v36.5c0,0-28.2-18.5-92.1-18.5C810.2,18.1,775.7,67.3,734,67.3z\"\/>\n\t<path class=\"elementor-shape-fill\" d=\"M766.1,28.9c-200-57.5-266,65.5-395.1,19.5C242,1.8,242,5.4,184.8,20.6C128,35.8,132.3,44.9,89.9,52.5C28.6,63.7,0,0,0,0 h1000c0,0-9.9,40.9-83.6,48.1S829.6,47,766.1,28.9z\"\/>\n<\/svg>\t\t<\/div>\n\t\t\t\t\t<div class=\"elementor-container elementor-column-gap-default\">\n\t\t\t\t\t<div class=\"elementor-column elementor-col-100 elementor-top-column elementor-element elementor-element-0e99adc\" data-id=\"0e99adc\" data-element_type=\"column\">\n\t\t\t<div class=\"elementor-widget-wrap elementor-element-populated\">\n\t\t\t\t\t\t<div class=\"elementor-element elementor-element-839e7ba elementor-widget elementor-widget-heading\" data-id=\"839e7ba\" data-element_type=\"widget\" data-widget_type=\"heading.default\">\n\t\t\t\t<div class=\"elementor-widget-container\">\n\t\t\t\t\t<span class=\"elementor-heading-title elementor-size-default\">Bienvenido a tu burbuja Zentangle<\/span>\t\t\t\t<\/div>\n\t\t\t\t<\/div>\n\t\t\t\t<div class=\"elementor-element elementor-element-ac6139f elementor-widget elementor-widget-text-editor\" data-id=\"ac6139f\" data-element_type=\"widget\" data-widget_type=\"text-editor.default\">\n\t\t\t\t<div class=\"elementor-widget-container\">\n\t\t\t\t\t\t\t\t\t<p>Tu burbuja Zentangle&nbsp;<\/p>\t\t\t\t\t\t\t\t<\/div>\n\t\t\t\t<\/div>\n\t\t\t\t<div class=\"elementor-element elementor-element-247592c elementor-button-info elementor-align-left elementor-widget elementor-widget-button\" data-id=\"247592c\" data-element_type=\"widget\" data-widget_type=\"button.default\">\n\t\t\t\t<div class=\"elementor-widget-container\">\n\t\t\t\t\t\t\t\t\t<div class=\"elementor-button-wrapper\">\n\t\t\t\t\t<a class=\"elementor-button elementor-button-link elementor-size-md\" href=\"#\">\n\t\t\t\t\t\t<span class=\"elementor-button-content-wrapper\">\n\t\t\t\t\t\t\t\t\t<span class=\"elementor-button-text\">Inscr\u00edbete<\/span>\n\t\t\t\t\t<\/span>\n\t\t\t\t\t<\/a>\n\t\t\t\t<\/div>\n\t\t\t\t\t\t\t\t<\/div>\n\t\t\t\t<\/div>\n\t\t\t\t\t<\/div>\n\t\t<\/div>\n\t\t\t\t\t<\/div>\n\t\t<\/section>\n\t\t\t\t<section class=\"elementor-section elementor-top-section elementor-element elementor-element-58f3013 elementor-section-boxed elementor-section-height-default elementor-section-height-default\" data-id=\"58f3013\" data-element_type=\"section\">\n\t\t\t\t\t\t<div class=\"elementor-container elementor-column-gap-default\">\n\t\t\t\t\t<div class=\"elementor-column elementor-col-100 elementor-top-column elementor-element elementor-element-f9be5ff\" data-id=\"f9be5ff\" data-element_type=\"column\">\n\t\t\t<div class=\"elementor-widget-wrap elementor-element-populated\">\n\t\t\t\t\t\t\t<\/div>\n\t\t<\/div>\n\t\t\t\t\t<\/div>\n\t\t<\/section>\n\t\t\t\t<section class=\"elementor-section elementor-top-section elementor-element elementor-element-16cd415 elementor-section-boxed elementor-section-height-default elementor-section-height-default\" data-id=\"16cd415\" data-element_type=\"section\">\n\t\t\t\t\t\t<div class=\"elementor-container elementor-column-gap-default\">\n\t\t\t\t\t<div class=\"elementor-column elementor-col-100 elementor-top-column elementor-element elementor-element-c6131c4\" data-id=\"c6131c4\" data-element_type=\"column\">\n\t\t\t<div class=\"elementor-widget-wrap elementor-element-populated\">\n\t\t\t\t\t\t<div class=\"elementor-element elementor-element-1d38f4e elementor-widget elementor-widget-heading\" data-id=\"1d38f4e\" data-element_type=\"widget\" data-widget_type=\"heading.default\">\n\t\t\t\t<div class=\"elementor-widget-container\">\n\t\t\t\t\t<span class=\"elementor-heading-title elementor-size-default\">Bienvenido a tu burbuja Zentangle<\/span>\t\t\t\t<\/div>\n\t\t\t\t<\/div>\n\t\t\t\t\t<\/div>\n\t\t<\/div>\n\t\t\t\t\t<\/div>\n\t\t<\/section>\n\t\t\t\t<section class=\"elementor-section elementor-top-section elementor-element elementor-element-0e9d897 elementor-section-boxed elementor-section-height-default elementor-section-height-default\" data-id=\"0e9d897\" data-element_type=\"section\">\n\t\t\t\t\t\t<div class=\"elementor-container elementor-column-gap-default\">\n\t\t\t\t\t<div class=\"elementor-column elementor-col-100 elementor-top-column elementor-element elementor-element-a534030\" data-id=\"a534030\" data-element_type=\"column\">\n\t\t\t<div class=\"elementor-widget-wrap elementor-element-populated\">\n\t\t\t\t\t\t<div class=\"elementor-element elementor-element-21f3cf7 elementor-widget elementor-widget-text-editor\" data-id=\"21f3cf7\" data-element_type=\"widget\" data-widget_type=\"text-editor.default\">\n\t\t\t\t<div class=\"elementor-widget-container\">\n\t\t\t\t\t\t\t\t\t<p>Tu burbuja Zentangle ldldlldl dldddddddddddddddddddddddddddddd ddddddddd dddddddddddddddddddddddddddddd<\/p>\t\t\t\t\t\t\t\t<\/div>\n\t\t\t\t<\/div>\n\t\t\t\t<div class=\"elementor-element elementor-element-4e9011b elementor-widget elementor-widget-image-gallery\" data-id=\"4e9011b\" data-element_type=\"widget\" data-widget_type=\"image-gallery.default\">\n\t\t\t\t<div class=\"elementor-widget-container\">\n\t\t\t\t\t\t\t<div class=\"elementor-image-gallery\">\n\t\t\t<div id='gallery-1' class='gallery galleryid-314 gallery-columns-4 gallery-size-medium'><figure class='gallery-item'>\n\t\t\t<div class='gallery-icon landscape'>\n\t\t\t\t<a data-elementor-open-lightbox=\"yes\" data-elementor-lightbox-slideshow=\"4e9011b\" data-elementor-lightbox-title=\"Yolanda Lopez CZT36 STUDENT TILE UPLOAD\" data-e-action-hash=\"#elementor-action%3Aaction%3Dlightbox%26settings%3DeyJpZCI6NiwidXJsIjoiaHR0cHM6XC9cL3lvdGFuZ2xlLmNvbVwvd3AtY29udGVudFwvdXBsb2Fkc1wvMjAyMFwvMTJcL1lvbGFuZGEtTG9wZXotQ1pUMzYtU1RVREVOVC1USUxFLVVQTE9BRC5qcGciLCJzbGlkZXNob3ciOiI0ZTkwMTFiIn0%3D\" href='https:\/\/yotangle.com\/wp-content\/uploads\/2020\/12\/Yolanda-Lopez-CZT36-STUDENT-TILE-UPLOAD.jpg'><img fetchpriority=\"high\" decoding=\"async\" width=\"300\" height=\"300\" src=\"https:\/\/yotangle.com\/wp-content\/uploads\/2020\/12\/Yolanda-Lopez-CZT36-STUDENT-TILE-UPLOAD-300x300.jpg\" class=\"attachment-medium size-medium\" alt=\"\" srcset=\"https:\/\/yotangle.com\/wp-content\/uploads\/2020\/12\/Yolanda-Lopez-CZT36-STUDENT-TILE-UPLOAD-300x300.jpg 300w, https:\/\/yotangle.com\/wp-content\/uploads\/2020\/12\/Yolanda-Lopez-CZT36-STUDENT-TILE-UPLOAD-100x100.jpg 100w, https:\/\/yotangle.com\/wp-content\/uploads\/2020\/12\/Yolanda-Lopez-CZT36-STUDENT-TILE-UPLOAD-600x600.jpg 600w, https:\/\/yotangle.com\/wp-content\/uploads\/2020\/12\/Yolanda-Lopez-CZT36-STUDENT-TILE-UPLOAD-1024x1024.jpg 1024w, https:\/\/yotangle.com\/wp-content\/uploads\/2020\/12\/Yolanda-Lopez-CZT36-STUDENT-TILE-UPLOAD-150x150.jpg 150w, https:\/\/yotangle.com\/wp-content\/uploads\/2020\/12\/Yolanda-Lopez-CZT36-STUDENT-TILE-UPLOAD-768x768.jpg 768w, https:\/\/yotangle.com\/wp-content\/uploads\/2020\/12\/Yolanda-Lopez-CZT36-STUDENT-TILE-UPLOAD-1536x1536.jpg 1536w, https:\/\/yotangle.com\/wp-content\/uploads\/2020\/12\/Yolanda-Lopez-CZT36-STUDENT-TILE-UPLOAD-720x720.jpg 720w, https:\/\/yotangle.com\/wp-content\/uploads\/2020\/12\/Yolanda-Lopez-CZT36-STUDENT-TILE-UPLOAD-360x360.jpg 360w, https:\/\/yotangle.com\/wp-content\/uploads\/2020\/12\/Yolanda-Lopez-CZT36-STUDENT-TILE-UPLOAD.jpg 1772w\" sizes=\"(max-width: 300px) 100vw, 300px\" \/><\/a>\n\t\t\t<\/div><\/figure><figure class='gallery-item'>\n\t\t\t<div class='gallery-icon landscape'>\n\t\t\t\t<a data-elementor-open-lightbox=\"yes\" data-elementor-lightbox-slideshow=\"4e9011b\" data-elementor-lightbox-title=\"tesela_gris\" data-e-action-hash=\"#elementor-action%3Aaction%3Dlightbox%26settings%3DeyJpZCI6MzExLCJ1cmwiOiJodHRwczpcL1wveW90YW5nbGUuY29tXC93cC1jb250ZW50XC91cGxvYWRzXC8yMDIxXC8wMVwvdGVzZWxhX2dyaXMuanBnIiwic2xpZGVzaG93IjoiNGU5MDExYiJ9\" href='https:\/\/yotangle.com\/wp-content\/uploads\/2021\/01\/tesela_gris.jpg'><img decoding=\"async\" width=\"300\" height=\"298\" src=\"https:\/\/yotangle.com\/wp-content\/uploads\/2021\/01\/tesela_gris-300x298.jpg\" class=\"attachment-medium size-medium\" alt=\"\" srcset=\"https:\/\/yotangle.com\/wp-content\/uploads\/2021\/01\/tesela_gris-300x298.jpg 300w, https:\/\/yotangle.com\/wp-content\/uploads\/2021\/01\/tesela_gris-100x100.jpg 100w, https:\/\/yotangle.com\/wp-content\/uploads\/2021\/01\/tesela_gris-600x596.jpg 600w, https:\/\/yotangle.com\/wp-content\/uploads\/2021\/01\/tesela_gris-1024x1017.jpg 1024w, https:\/\/yotangle.com\/wp-content\/uploads\/2021\/01\/tesela_gris-150x150.jpg 150w, https:\/\/yotangle.com\/wp-content\/uploads\/2021\/01\/tesela_gris-768x763.jpg 768w, https:\/\/yotangle.com\/wp-content\/uploads\/2021\/01\/tesela_gris.jpg 1176w\" sizes=\"(max-width: 300px) 100vw, 300px\" \/><\/a>\n\t\t\t<\/div><\/figure><figure class='gallery-item'>\n\t\t\t<div class='gallery-icon landscape'>\n\t\t\t\t<a data-elementor-open-lightbox=\"yes\" data-elementor-lightbox-slideshow=\"4e9011b\" data-elementor-lightbox-title=\"logo_zentangle\" data-e-action-hash=\"#elementor-action%3Aaction%3Dlightbox%26settings%3DeyJpZCI6MTEzLCJ1cmwiOiJodHRwczpcL1wveW90YW5nbGUuY29tXC93cC1jb250ZW50XC91cGxvYWRzXC8yMDIwXC8xMlwvbG9nb196ZW50YW5nbGUuanBnIiwic2xpZGVzaG93IjoiNGU5MDExYiJ9\" href='https:\/\/yotangle.com\/wp-content\/uploads\/2020\/12\/logo_zentangle.jpg'><img decoding=\"async\" width=\"300\" height=\"141\" src=\"https:\/\/yotangle.com\/wp-content\/uploads\/2020\/12\/logo_zentangle-300x141.jpg\" class=\"attachment-medium size-medium\" alt=\"\" srcset=\"https:\/\/yotangle.com\/wp-content\/uploads\/2020\/12\/logo_zentangle-300x141.jpg 300w, https:\/\/yotangle.com\/wp-content\/uploads\/2020\/12\/logo_zentangle-600x281.jpg 600w, https:\/\/yotangle.com\/wp-content\/uploads\/2020\/12\/logo_zentangle-1024x480.jpg 1024w, https:\/\/yotangle.com\/wp-content\/uploads\/2020\/12\/logo_zentangle-768x360.jpg 768w, https:\/\/yotangle.com\/wp-content\/uploads\/2020\/12\/logo_zentangle.jpg 1200w\" sizes=\"(max-width: 300px) 100vw, 300px\" \/><\/a>\n\t\t\t<\/div><\/figure><figure class='gallery-item'>\n\t\t\t<div class='gallery-icon landscape'>\n\t\t\t\t<a data-elementor-open-lightbox=\"yes\" data-elementor-lightbox-slideshow=\"4e9011b\" data-elementor-lightbox-title=\"Yotangle logo\" data-e-action-hash=\"#elementor-action%3Aaction%3Dlightbox%26settings%3DeyJpZCI6ODQsInVybCI6Imh0dHBzOlwvXC95b3RhbmdsZS5jb21cL3dwLWNvbnRlbnRcL3VwbG9hZHNcLzIwMjBcLzEyXC9sb2dvLTIucG5nIiwic2xpZGVzaG93IjoiNGU5MDExYiJ9\" href='https:\/\/yotangle.com\/wp-content\/uploads\/2020\/12\/logo-2.png'><img loading=\"lazy\" decoding=\"async\" width=\"300\" height=\"85\" src=\"https:\/\/yotangle.com\/wp-content\/uploads\/2020\/12\/logo-2-300x85.png\" class=\"attachment-medium size-medium\" alt=\"Yotangle logo\" srcset=\"https:\/\/yotangle.com\/wp-content\/uploads\/2020\/12\/logo-2-300x85.png 300w, https:\/\/yotangle.com\/wp-content\/uploads\/2020\/12\/logo-2.png 409w\" sizes=\"(max-width: 300px) 100vw, 300px\" \/><\/a>\n\t\t\t<\/div><\/figure>\n\t\t<\/div>\n\t\t<\/div>\n\t\t\t\t\t\t<\/div>\n\t\t\t\t<\/div>\n\t\t\t\t\t<\/div>\n\t\t<\/div>\n\t\t\t\t\t<\/div>\n\t\t<\/section>\n\t\t\t\t<section class=\"elementor-section elementor-top-section elementor-element elementor-element-cbb3f0c elementor-section-full_width elementor-section-height-default elementor-section-height-default\" data-id=\"cbb3f0c\" data-element_type=\"section\">\n\t\t\t\t\t\t<div class=\"elementor-container elementor-column-gap-wider\">\n\t\t\t\t\t<div class=\"elementor-column elementor-col-25 elementor-top-column elementor-element elementor-element-fd5126b\" data-id=\"fd5126b\" data-element_type=\"column\" data-settings=\"{&quot;background_background&quot;:&quot;classic&quot;}\">\n\t\t\t<div class=\"elementor-widget-wrap elementor-element-populated\">\n\t\t\t\t\t\t<div class=\"elementor-element elementor-element-9397174 elementor-position-top elementor-widget elementor-widget-image-box\" data-id=\"9397174\" data-element_type=\"widget\" data-widget_type=\"image-box.default\">\n\t\t\t\t<div class=\"elementor-widget-container\">\n\t\t\t\t\t<div class=\"elementor-image-box-wrapper\"><figure class=\"elementor-image-box-img\"><img loading=\"lazy\" decoding=\"async\" width=\"1176\" height=\"1168\" src=\"https:\/\/yotangle.com\/wp-content\/uploads\/2021\/01\/tesela_gris.jpg\" class=\"elementor-animation-hang attachment-full size-full wp-image-311\" alt=\"\" srcset=\"https:\/\/yotangle.com\/wp-content\/uploads\/2021\/01\/tesela_gris.jpg 1176w, https:\/\/yotangle.com\/wp-content\/uploads\/2021\/01\/tesela_gris-300x298.jpg 300w, https:\/\/yotangle.com\/wp-content\/uploads\/2021\/01\/tesela_gris-100x100.jpg 100w, https:\/\/yotangle.com\/wp-content\/uploads\/2021\/01\/tesela_gris-600x596.jpg 600w, https:\/\/yotangle.com\/wp-content\/uploads\/2021\/01\/tesela_gris-1024x1017.jpg 1024w, https:\/\/yotangle.com\/wp-content\/uploads\/2021\/01\/tesela_gris-150x150.jpg 150w, https:\/\/yotangle.com\/wp-content\/uploads\/2021\/01\/tesela_gris-768x763.jpg 768w\" sizes=\"(max-width: 1176px) 100vw, 1176px\" \/><\/figure><div class=\"elementor-image-box-content\"><h3 class=\"elementor-image-box-title\">Curso Zentangle floral pastel<\/h3><p class=\"elementor-image-box-description\">Lorem fistrum por la gloria de mi madre esse jarl aliqua llevame al sircoo. De la pradera ullamco qu\u00e9 dise usteer est\u00e1 la cosa muy malar.<\/p><\/div><\/div>\t\t\t\t<\/div>\n\t\t\t\t<\/div>\n\t\t\t\t<div class=\"elementor-element elementor-element-3f0bfbb elementor-button-info elementor-align-center elementor-widget elementor-widget-button\" data-id=\"3f0bfbb\" data-element_type=\"widget\" data-widget_type=\"button.default\">\n\t\t\t\t<div class=\"elementor-widget-container\">\n\t\t\t\t\t\t\t\t\t<div class=\"elementor-button-wrapper\">\n\t\t\t\t\t<a class=\"elementor-button elementor-button-link elementor-size-sm\" href=\"#\">\n\t\t\t\t\t\t<span class=\"elementor-button-content-wrapper\">\n\t\t\t\t\t\t\t\t\t<span class=\"elementor-button-text\">Compra<\/span>\n\t\t\t\t\t<\/span>\n\t\t\t\t\t<\/a>\n\t\t\t\t<\/div>\n\t\t\t\t\t\t\t\t<\/div>\n\t\t\t\t<\/div>\n\t\t\t\t\t<\/div>\n\t\t<\/div>\n\t\t\t\t<div class=\"elementor-column elementor-col-25 elementor-top-column elementor-element elementor-element-4e5d0d9\" data-id=\"4e5d0d9\" data-element_type=\"column\" data-settings=\"{&quot;background_background&quot;:&quot;classic&quot;}\">\n\t\t\t<div class=\"elementor-widget-wrap elementor-element-populated\">\n\t\t\t\t\t\t<div class=\"elementor-element elementor-element-5ae2a55 elementor-position-top elementor-widget elementor-widget-image-box\" data-id=\"5ae2a55\" data-element_type=\"widget\" data-widget_type=\"image-box.default\">\n\t\t\t\t<div class=\"elementor-widget-container\">\n\t\t\t\t\t<div class=\"elementor-image-box-wrapper\"><figure class=\"elementor-image-box-img\"><img loading=\"lazy\" decoding=\"async\" width=\"1176\" height=\"1168\" src=\"https:\/\/yotangle.com\/wp-content\/uploads\/2021\/01\/tesela_gris.jpg\" class=\"elementor-animation-hang attachment-full size-full wp-image-311\" alt=\"\" srcset=\"https:\/\/yotangle.com\/wp-content\/uploads\/2021\/01\/tesela_gris.jpg 1176w, https:\/\/yotangle.com\/wp-content\/uploads\/2021\/01\/tesela_gris-300x298.jpg 300w, https:\/\/yotangle.com\/wp-content\/uploads\/2021\/01\/tesela_gris-100x100.jpg 100w, https:\/\/yotangle.com\/wp-content\/uploads\/2021\/01\/tesela_gris-600x596.jpg 600w, https:\/\/yotangle.com\/wp-content\/uploads\/2021\/01\/tesela_gris-1024x1017.jpg 1024w, https:\/\/yotangle.com\/wp-content\/uploads\/2021\/01\/tesela_gris-150x150.jpg 150w, https:\/\/yotangle.com\/wp-content\/uploads\/2021\/01\/tesela_gris-768x763.jpg 768w\" sizes=\"(max-width: 1176px) 100vw, 1176px\" \/><\/figure><div class=\"elementor-image-box-content\"><h3 class=\"elementor-image-box-title\">Curso Zentangle floral pastel<\/h3><p class=\"elementor-image-box-description\">Lorem fistrum por la gloria de mi madre esse jarl aliqua llevame al sircoo. De la pradera ullamco qu\u00e9 dise usteer est\u00e1 la cosa muy malar.<\/p><\/div><\/div>\t\t\t\t<\/div>\n\t\t\t\t<\/div>\n\t\t\t\t<div class=\"elementor-element elementor-element-8075192 elementor-button-info elementor-align-center elementor-widget elementor-widget-button\" data-id=\"8075192\" data-element_type=\"widget\" data-widget_type=\"button.default\">\n\t\t\t\t<div class=\"elementor-widget-container\">\n\t\t\t\t\t\t\t\t\t<div class=\"elementor-button-wrapper\">\n\t\t\t\t\t<a class=\"elementor-button elementor-button-link elementor-size-sm\" href=\"#\">\n\t\t\t\t\t\t<span class=\"elementor-button-content-wrapper\">\n\t\t\t\t\t\t\t\t\t<span class=\"elementor-button-text\">Compra<\/span>\n\t\t\t\t\t<\/span>\n\t\t\t\t\t<\/a>\n\t\t\t\t<\/div>\n\t\t\t\t\t\t\t\t<\/div>\n\t\t\t\t<\/div>\n\t\t\t\t\t<\/div>\n\t\t<\/div>\n\t\t\t\t<div class=\"elementor-column elementor-col-25 elementor-top-column elementor-element elementor-element-a1916fd\" data-id=\"a1916fd\" data-element_type=\"column\">\n\t\t\t<div class=\"elementor-widget-wrap elementor-element-populated\">\n\t\t\t\t\t\t<div class=\"elementor-element elementor-element-afd5f25 elementor-position-top elementor-widget elementor-widget-image-box\" data-id=\"afd5f25\" data-element_type=\"widget\" data-widget_type=\"image-box.default\">\n\t\t\t\t<div class=\"elementor-widget-container\">\n\t\t\t\t\t<div class=\"elementor-image-box-wrapper\"><figure class=\"elementor-image-box-img\"><img loading=\"lazy\" decoding=\"async\" width=\"1176\" height=\"1168\" src=\"https:\/\/yotangle.com\/wp-content\/uploads\/2021\/01\/tesela_gris.jpg\" class=\"elementor-animation-hang attachment-full size-full wp-image-311\" alt=\"\" srcset=\"https:\/\/yotangle.com\/wp-content\/uploads\/2021\/01\/tesela_gris.jpg 1176w, https:\/\/yotangle.com\/wp-content\/uploads\/2021\/01\/tesela_gris-300x298.jpg 300w, https:\/\/yotangle.com\/wp-content\/uploads\/2021\/01\/tesela_gris-100x100.jpg 100w, https:\/\/yotangle.com\/wp-content\/uploads\/2021\/01\/tesela_gris-600x596.jpg 600w, https:\/\/yotangle.com\/wp-content\/uploads\/2021\/01\/tesela_gris-1024x1017.jpg 1024w, https:\/\/yotangle.com\/wp-content\/uploads\/2021\/01\/tesela_gris-150x150.jpg 150w, https:\/\/yotangle.com\/wp-content\/uploads\/2021\/01\/tesela_gris-768x763.jpg 768w\" sizes=\"(max-width: 1176px) 100vw, 1176px\" \/><\/figure><div class=\"elementor-image-box-content\"><h3 class=\"elementor-image-box-title\">Curso Zentangle floral pastel<\/h3><p class=\"elementor-image-box-description\">Lorem fistrum por la gloria de mi madre esse jarl aliqua llevame al sircoo. De la pradera ullamco qu\u00e9 dise usteer est\u00e1 la cosa muy malar.<\/p><\/div><\/div>\t\t\t\t<\/div>\n\t\t\t\t<\/div>\n\t\t\t\t<div class=\"elementor-element elementor-element-3ef5526 elementor-button-info elementor-align-center elementor-widget elementor-widget-button\" data-id=\"3ef5526\" data-element_type=\"widget\" data-widget_type=\"button.default\">\n\t\t\t\t<div class=\"elementor-widget-container\">\n\t\t\t\t\t\t\t\t\t<div class=\"elementor-button-wrapper\">\n\t\t\t\t\t<a class=\"elementor-button elementor-button-link elementor-size-sm\" href=\"#\">\n\t\t\t\t\t\t<span class=\"elementor-button-content-wrapper\">\n\t\t\t\t\t\t\t\t\t<span class=\"elementor-button-text\">Compra<\/span>\n\t\t\t\t\t<\/span>\n\t\t\t\t\t<\/a>\n\t\t\t\t<\/div>\n\t\t\t\t\t\t\t\t<\/div>\n\t\t\t\t<\/div>\n\t\t\t\t\t<\/div>\n\t\t<\/div>\n\t\t\t\t<div class=\"elementor-column elementor-col-25 elementor-top-column elementor-element elementor-element-33d71a5\" data-id=\"33d71a5\" data-element_type=\"column\" data-settings=\"{&quot;background_background&quot;:&quot;classic&quot;}\">\n\t\t\t<div class=\"elementor-widget-wrap elementor-element-populated\">\n\t\t\t\t\t\t<div class=\"elementor-element elementor-element-97fc1da elementor-position-top elementor-widget elementor-widget-image-box\" data-id=\"97fc1da\" data-element_type=\"widget\" data-widget_type=\"image-box.default\">\n\t\t\t\t<div class=\"elementor-widget-container\">\n\t\t\t\t\t<div class=\"elementor-image-box-wrapper\"><figure class=\"elementor-image-box-img\"><img loading=\"lazy\" decoding=\"async\" width=\"1176\" height=\"1168\" src=\"https:\/\/yotangle.com\/wp-content\/uploads\/2021\/01\/tesela_gris.jpg\" class=\"elementor-animation-hang attachment-full size-full wp-image-311\" alt=\"\" srcset=\"https:\/\/yotangle.com\/wp-content\/uploads\/2021\/01\/tesela_gris.jpg 1176w, https:\/\/yotangle.com\/wp-content\/uploads\/2021\/01\/tesela_gris-300x298.jpg 300w, https:\/\/yotangle.com\/wp-content\/uploads\/2021\/01\/tesela_gris-100x100.jpg 100w, https:\/\/yotangle.com\/wp-content\/uploads\/2021\/01\/tesela_gris-600x596.jpg 600w, https:\/\/yotangle.com\/wp-content\/uploads\/2021\/01\/tesela_gris-1024x1017.jpg 1024w, https:\/\/yotangle.com\/wp-content\/uploads\/2021\/01\/tesela_gris-150x150.jpg 150w, https:\/\/yotangle.com\/wp-content\/uploads\/2021\/01\/tesela_gris-768x763.jpg 768w\" sizes=\"(max-width: 1176px) 100vw, 1176px\" \/><\/figure><div class=\"elementor-image-box-content\"><h3 class=\"elementor-image-box-title\">Curso Zentangle floral pastel<\/h3><p class=\"elementor-image-box-description\">Lorem fistrum por la gloria de mi madre esse jarl aliqua llevame al sircoo. De la pradera ullamco qu\u00e9 dise usteer est\u00e1 la cosa muy malar.<\/p><\/div><\/div>\t\t\t\t<\/div>\n\t\t\t\t<\/div>\n\t\t\t\t<div class=\"elementor-element elementor-element-6846419 elementor-button-info elementor-align-center elementor-widget elementor-widget-button\" data-id=\"6846419\" data-element_type=\"widget\" data-widget_type=\"button.default\">\n\t\t\t\t<div class=\"elementor-widget-container\">\n\t\t\t\t\t\t\t\t\t<div class=\"elementor-button-wrapper\">\n\t\t\t\t\t<a class=\"elementor-button elementor-button-link elementor-size-sm\" href=\"#\">\n\t\t\t\t\t\t<span class=\"elementor-button-content-wrapper\">\n\t\t\t\t\t\t\t\t\t<span class=\"elementor-button-text\">Compra<\/span>\n\t\t\t\t\t<\/span>\n\t\t\t\t\t<\/a>\n\t\t\t\t<\/div>\n\t\t\t\t\t\t\t\t<\/div>\n\t\t\t\t<\/div>\n\t\t\t\t\t<\/div>\n\t\t<\/div>\n\t\t\t\t\t<\/div>\n\t\t<\/section>\n\t\t\t\t<\/div>","protected":false},"excerpt":{"rendered":"<p>Yotangle p\u00e1gina 1 p\u00e1gina 2 p\u00e1gina 3 Bienvenido a tu burbuja Zentangle Tu burbuja Zentangle&nbsp; Inscr\u00edbete Bienvenido a tu burbuja Zentangle Tu burbuja Zentangle ldldlldl dldddddddddddddddddddddddddddddd ddddddddd dddddddddddddddddddddddddddddd Curso Zentangle floral pastel Lorem fistrum por la gloria de mi madre esse jarl aliqua llevame al sircoo. De la pradera ullamco qu\u00e9 dise usteer est\u00e1 la [&hellip;]<\/p>","protected":false},"author":1,"featured_media":0,"parent":0,"menu_order":0,"comment_status":"closed","ping_status":"closed","template":"elementor_canvas","meta":{"cybocfi_hide_featured_image":"","footnotes":""},"class_list":["post-314","page","type-page","status-publish","hentry"],"_links":{"self":[{"href":"https:\/\/yotangle.com\/en\/wp-json\/wp\/v2\/pages\/314"}],"collection":[{"href":"https:\/\/yotangle.com\/en\/wp-json\/wp\/v2\/pages"}],"about":[{"href":"https:\/\/yotangle.com\/en\/wp-json\/wp\/v2\/types\/page"}],"author":[{"embeddable":true,"href":"https:\/\/yotangle.com\/en\/wp-json\/wp\/v2\/users\/1"}],"replies":[{"embeddable":true,"href":"https:\/\/yotangle.com\/en\/wp-json\/wp\/v2\/comments?post=314"}],"version-history":[{"count":97,"href":"https:\/\/yotangle.com\/en\/wp-json\/wp\/v2\/pages\/314\/revisions"}],"predecessor-version":[{"id":432,"href":"https:\/\/yotangle.com\/en\/wp-json\/wp\/v2\/pages\/314\/revisions\/432"}],"wp:attachment":[{"href":"https:\/\/yotangle.com\/en\/wp-json\/wp\/v2\/media?parent=314"}],"curies":[{"name":"wp","href":"https:\/\/api.w.org\/{rel}","templated":true}]}}