{"id":440,"date":"2021-01-23T19:47:17","date_gmt":"2021-01-23T19:47:17","guid":{"rendered":"http:\/\/yotangle.com\/terminos-y-condiciones\/"},"modified":"2021-04-12T07:42:49","modified_gmt":"2021-04-12T07:42:49","slug":"terminos-y-condiciones","status":"publish","type":"page","link":"https:\/\/yotangle.com\/en\/terminos-y-condiciones\/","title":{"rendered":"terminos y condiciones"},"content":{"rendered":"<div data-elementor-type=\"wp-page\" data-elementor-id=\"440\" class=\"elementor elementor-440\">\n\t\t\t\t<section class=\"elementor-section elementor-top-section elementor-element elementor-element-ab6929a elementor-section-boxed elementor-section-height-default elementor-section-height-default\" data-id=\"ab6929a\" data-element_type=\"section\">\n\t\t\t\t\t\t<div class=\"elementor-container elementor-column-gap-default\">\n\t\t\t\t\t<div class=\"elementor-column elementor-col-100 elementor-top-column elementor-element elementor-element-34ce38d\" data-id=\"34ce38d\" data-element_type=\"column\">\n\t\t\t<div class=\"elementor-widget-wrap elementor-element-populated\">\n\t\t\t\t\t\t<div class=\"elementor-element elementor-element-9c64540 elementor-widget elementor-widget-text-editor\" data-id=\"9c64540\" data-element_type=\"widget\" data-widget_type=\"text-editor.default\">\n\t\t\t\t<div class=\"elementor-widget-container\">\n\t\t\t\t\t\t\t\t\t<p><\/p><p><strong>T\u00c9RMINOS Y CONDICIONES<\/strong><\/p><p><\/p><p><span style=\"text-decoration: underline\"><strong>Introducci\u00f3n<\/strong><\/span><\/p><p>Este documento describe las condiciones de uso de la p\u00e1gina web yotangle.com que incluye el subdominio academia.yotangle.com (persona responsable Yolanda L\u00f3pez Segura). En el documento <a href=\"https:\/\/yotangle.com\/en\/politica-de-privacidad\/\">Pol\u00edtica de Privacidad<\/a> se describe los t\u00e9rminos relativos a la privacidad.<\/p><p>En los siguientes puntos se detalla los t\u00e9rminos y condiciones del uso de esta p\u00e1gina y su subdominio.<\/p><p><span style=\"text-decoration: underline\"><strong>Aceptaci\u00f3n de las condiciones<\/strong><\/span><\/p><p>Al acceder a la web yotangle.com y\/o su subdominio academia.yotangle.com aparecer\u00e1 un pop up informando la pol\u00edtica de cookies y botones para su aceptaci\u00f3n, su no aceptaci\u00f3n y enlace a la p\u00e1gina Pol\u00edtica de Cookies. Una vez est\u00e9 dentro usted quedar\u00e1 sujeto a estas condiciones, que junto con la Pol\u00edtica de Privacidad, Pol\u00edtica de Cookies y Aviso legal forman parte de la Pol\u00edtica de Tratamiento de Datos de la entidad.<\/p><p>Debe leer, comprender y aceptar estos T\u00e9rminos y Condiciones. Antes de hacer efectivo un pedido se le pedir\u00e1 aceptar los T\u00e9rminos y Condiciones.<\/p><p>Acepta que Yotangle.com y\/o su subdominio Academia.yotangle.com utilice la informaci\u00f3n que comparta seg\u00fan lo establecido en la Pol\u00edtica de Privacidad.<\/p><p><span style=\"text-decoration: underline\"><strong>Descripci\u00f3n del Sitio<\/strong><\/span><\/p><p>Este sitio est\u00e1 dedicada a la ense\u00f1anza de actividades creativas vinculadas al mundo de Zentangle \u00a9, tanto con clases presenciales, clases por Zoom y clases pregrabadas.<\/p><p>El\u00a0Contenido\u00a0incluye, aunque no se limita a ello, textos, comentarios de usuarios, mensajes, informaci\u00f3n, datos, gr\u00e1ficos, noticias, art\u00edculos, fotograf\u00edas, videos, sonidos, im\u00e1genes, ilustraciones y programas computacionales.<\/p><p><span style=\"text-decoration: underline\"><strong>Acceso al Sitio<\/strong><\/span><\/p><p>Puede pasar que en ocasiones se presenten algunos problemas al entrar al sitio o que el navegador de problemas por actualizaciones, mantenimiento u otras razones ajenas al control de Yotangle.com (persona responsable Yolanda L\u00f3pez Segura). Yotangle se reserva el derecho de suspender o descontinuar el sitio o cualquier servicio y quitar alg\u00fan contenido en cualquier momento y sin aviso previo. Tambi\u00e9n podr\u00eda limitar o restringir acceso o determinados servicios o funciones sin aviso y sin asumir ninguna responsabilidad.<\/p><p><span style=\"text-decoration: underline\"><strong>Registro<\/strong><\/span><\/p><p>Ser\u00e1 necesario crear una cuenta en yotangle.com y\/o academia.yotangle.com para acceder a los cursos de pago. Para ello tendr\u00e1 un nombre de usuario y una contrase\u00f1a. Deber\u00e1 suministrar informaci\u00f3n verdadera, completa y actualizada. No hacerlo representa una violaci\u00f3n de las Condiciones y podr\u00eda significar la cancelaci\u00f3n inmediata de la cuenta.<\/p><p>No podr\u00e1 utilizar el nombre de otra persona, entidad o marcha sobre la que no tenga derechos o no tenga autorizaci\u00f3n, ni tampoco nombres ofensivos ni vulgares.<\/p><p>Si sufre alguna violaci\u00f3n de seguridad o actividad no autorizada, deber\u00e1 notificarlo a yotangle.com de manera inmediata. Yotangle.com no se hace responsable de da\u00f1os que resulten de lo anterior.<\/p><p>Los Servicios son exclusivos para personas mayores de 16 a\u00f1os de edad. Si el usuario resulta ser\u00a0una empresa, es la empresa la que acepta las condiciones.<\/p><p>Solo un\u00a0ser humano\u00a0puede dar de alta una cuenta. Queda prohibida la apertura de cuentas a robots o m\u00e9todos automatizados.<\/p><p>Puede ingresar a las p\u00e1ginas de presentaci\u00f3n de nuestros Servicios desde\u00a0cualquier lugar del mundo, aunque esto no asegura la disponibilidad de todos los Servicios o funciones en\u00a0su pa\u00eds\u00a0o que el Contenido generado por alg\u00fan usuario sea legal en su lugar de residencia. Yotangle.com podr\u00eda\u00a0restringir el acceso\u00a0a algunos Servicios (o funciones o Contenido) en\u00a0algunos pa\u00edses. Es su responsabilidad como usuario cerciorarse de que los Servicios contratados sean legales en su pa\u00eds de residencia. No todos los Servicios est\u00e1n disponibles en todos los\u00a0idiomas.<\/p><p><span style=\"text-decoration: underline\"><strong>Tarifas<\/strong><\/span><\/p><p>Yotangle.com se reserva el derecho de cambiar de precios de los servicios ofrecidos en la web (o de empezar a cobrar por servicios anteriormente gratuitos). Las tarifas pagadas antes de estos cambios se respetar\u00e1n.<\/p><p><span style=\"text-decoration: underline\"><strong>Comportamiento del usuario<\/strong><\/span><\/p><p>Queda terminantemente prohibido:<\/p><ol><li>Abusar, acosar, amenazar, suplantar o intimidar a cualquier persona.<\/li><li>Publicar o transmitir \u2014o provocar que se publique o transmita\u2014 cualquier tipo de Contenido\u00a0difamatorio, obsceno, pornogr\u00e1fico, abusivo, ofensivo, profano o que infrinja cualquier derecho de autor o derechos en general de cualquier persona.<\/li><li>Para cualquier\u00a0fin\u00a0(incluso la publicaci\u00f3n o visionado de Contenido)\u00a0prohibido por las leyes\u00a0vigentes en el lugar en donde use los Servicios.<\/li><li>Para publicar o transmitir \u2014o provocar que se publique o transmita\u2014 cualquier tipo de comunicaci\u00f3n o solicitud con el objetivo o intenci\u00f3n de conseguir alguna contrase\u00f1a, cuenta o\u00a0informaci\u00f3n privada\u00a0de cualquiera de los usuarios de Yotangle.com<\/li><li>Generar o enviar correos no deseados o\u00a0\u00abspam\u00bb\u00a0a cualquier persona o URL.<\/li><li>Crear cuentas m\u00faltiples\u00a0con el\u00a0objetivo de votar\u00a0a favor o en contra de los proyectos de otros usuarios.<\/li><li>Publicar\u00a0Contenido de los cuales no posea los derechos de autor, excepto en los Foros, en donde s\u00ed podr\u00e1 hacerlo siempre y cuando se mencione el nombre del autor y se incluya un enlace a la fuente de dicho Contenido.<\/li><li>Utilizar cualquier tipo de robot, \u00abspiders\u00bb, \u00abscrapers\u00bb o cualquier otro\u00a0medio automatizado\u00a0(sin contar las fuentes RSS)\u00a0para ingresar al Sitio\u00a0con cualquier fin si no se cuenta con un permiso escrito. Adem\u00e1s, acepta no (i) proceder de cualquier forma que imponga o pudiera imponer, seg\u00fan nuestro criterio, una carga no excesiva o desproporcionada para nuestra infraestructura; (ii) interferir o intentar interferir con el correcto funcionamiento del Sitio o cualquiera de las actividades del mismo; u (iii) obviar cualquiera de las medidas que utilizamos para evitar o restringir el acceso al Sitio.<\/li><li>Aumentar o alterar el n\u00famero de votos o comentarios de forma artificial, o bien de otro Servicio, con el fin de dar o recibir dinero o cualquier otro tipo de compensaci\u00f3n por dichos votos; participar en actos que de alguna forma alteren los resultados de los Servicios.<\/li><li>Anunciar\u00a0o solicitar a cualquier usuario que compre o venda productos o servicios, o bien que utilice informaci\u00f3n obtenida de nuestros Servicios para ponerse en contacto, anunciar, solicitar o vender algo a otro usuario sin su previo consentimiento.<\/li><li>Vender o\u00a0transferir su perfil.<\/li><li>Usar nuestros Servicios como\u00a0servicio gen\u00e9rico de alojamiento de im\u00e1genes, como anuncio, publicidad, etc\u00e9tera.<\/li><\/ol><p>Si\u00a0sospecha de alg\u00fan abuso\u00a0del Sitio o una violaci\u00f3n de las Condiciones (diferente a la violaci\u00f3n de derechos de autor, que de ser el caso habr\u00eda que dirigirse yolanda@yotangle.com<\/p><p>Yotangle.com se reserva el derecho de expulsar a cualquier usuario de su plataforma as\u00ed como de retirar cualquier contenido.<\/p><p>El env\u00edo de contenido concede el derecho de utilizarlo en plataformas de redes sociales como Instagram.<\/p><p><span style=\"text-decoration: underline\"><strong>Responsabilidades de los visitantes al Sitio<\/strong><\/span><\/p><p>Usted ser\u00e1 responsable de tomar las precauciones necesarias\u00a0para proteger su ordenador o equipo de virus, gusanos, troyanos o cualquier otro contenido peligroso. Podr\u00eda encontrar\u00a0material ofensivo,\u00a0indecente\u00a0o bien desagradable; contenido con imprecisiones t\u00e9cnicas, errores tipogr\u00e1ficos o de cualquier otro tipo. La web tambi\u00e9n podr\u00eda incluir material que\u00a0viole la privacidad, derechos de publicidad\u00a0o bien atente contra la propiedad intelectual u otros derechos de terceras partes; o la descarga, copia o uso sujetos a otros t\u00e9rminos y condiciones previamente establecidos o no.\u00a0Yotangle.com recusa\u00a0cualquier responsabilidad por da\u00f1os que resulten del uso de los visitantes al Sitio o de las descargas de Contenido publicado en el mismo.<\/p><p><span style=\"text-decoration: underline\"><strong>Reglamento especial para alumnos<\/strong><\/span><\/p><p>En el momento contratar o reservar un curso y\/o servicio de Yotangle.com usted acepta los T\u00e9rminos y condiciones, y las posibles cancelaciones de cursos o de servicios que se puedan producir en la web.<\/p><p>Acepta las instrucciones y recomendaciones de su profesor.<\/p><p>Acepta a ser alumno de estos cursos o servicios y no copiarlos o impartirlos o compartirlos con terceras personas que no hayan contratado los mismos. Si desea utilizar estos cursos o servicios o partes de los mismos para impartirlos o compartirlos por su cuenta, deber\u00e1 solicitar permiso a yotangle.com que se reserva el derecho a otorgar el permiso o no.<\/p><p>Acepta que, si publica en redes sociales o exposiciones los trabajos finales de estos cursos o servicios, a dar reconocimiento de estos nombrando a yotangle.com.<\/p><p>La duraci\u00f3n en el tiempo de los cursos o servicios contratados estar\u00e1n detallados en la informaci\u00f3n de cada curso o servicio en la web.<\/p><p>Otorgamos por lo general un acceso para siempre a la plataforma pero nos reservamos el derecho a revocar el acceso en cualquier momento por alguna raz\u00f3n legal por ejemplo el incumplimiento de nuestros T\u00e9rminos y Condiciones.<\/p><p><span style=\"text-decoration: underline\"><strong>Pagos de las Clases<\/strong><\/span><\/p><p>Yotangle.com utiliza en este momento la plataforma Woocommerce que incluye transferencia bancaria, paypal y stripe (pago con tarjeta) para el cobro de sus cursos o servicios.<\/p><p>Los pagos se realizar\u00e1n de la siguiente manera:<\/p><ul><li>Clases pregrabadas, se pagar\u00e1n en su totalidad al contratar el curso o servicio<\/li><li>Clases presenciales o por Zoom sueltas, se pagar\u00e1n el d\u00eda en el que tenga lugar la clase<\/li><li>Clases presenciales o por Zoom bonos 5 clases, se pagar\u00e1n en su totalidad al contratar el bono<\/li><li>Clases presenciales o por Zoom bonos 10 clases, se pagar\u00e1n en su totalidad al contratar el bono<\/li><li>Clases presenciales o por Zoom 1 vez a la semana todo el a\u00f1o, se pagar\u00e1 cada trimestre por adelantado<\/li><li>Los bonos tendr\u00e1n una validez de 12 meses.<\/li><\/ul><p><span style=\"text-decoration: underline\"><strong>Cancelaci\u00f3n y reembolso por las Clases<\/strong><\/span><\/p><p>Se har\u00e1n reembolsos si se producen problemas de cobro como por ejemplo pagos duplicados, si se compra por equivocaci\u00f3n el curso o servicio incorrecto o si por alguna raz\u00f3n el curso o servicio contratado no se puede llevar a cabo.<\/p><p><span style=\"text-decoration: underline\"><strong>Enlaces<\/strong><\/span><\/p><p>La web puede contener enlaces a otras webs y no se hace responsable del contenido, productos, disponibilidad, etc. estas otras webs por quedar fuera de alcance el control de las mismas. Si ve algo que no es correcto, atenta contra la verdad o la integridad de las personas, por favor p\u00f3ngalo en conocimiento de yotangle.com<\/p><p><span style=\"text-decoration: underline\"><strong>Cambios<\/strong><\/span><\/p><p>Yotangle.com se reserva el derecho de modificar cualquiera de los puntos expuestos en este documento de T\u00e9rminos y Condiciones. Tendr\u00e1 la responsabilidad de revisar estos puntos regularmente para que se ajusten a la realidad del momento presente.<\/p><p><span style=\"text-decoration: underline\"><strong>Avisos<\/strong><\/span><\/p><p>Puede ponerse en contacto con Yotangle.com a trav\u00e9s del e-mail yolanda@yotangle.com<\/p><p>\u00a0<\/p><p>Actualizado el 12 abril 2021<\/p><p>\u00a0<\/p>\t\t\t\t\t\t\t\t<\/div>\n\t\t\t\t<\/div>\n\t\t\t\t\t<\/div>\n\t\t<\/div>\n\t\t\t\t\t<\/div>\n\t\t<\/section>\t\t<\/div>","protected":false},"excerpt":{"rendered":"<p>T\u00c9RMINOS Y CONDICIONES Introducci\u00f3n Este documento describe las condiciones de uso de la p\u00e1gina web yotangle.com que incluye el subdominio academia.yotangle.com (persona responsable Yolanda L\u00f3pez Segura). En el documento Pol\u00edtica de Privacidad se describe los t\u00e9rminos relativos a la privacidad. En los siguientes puntos se detalla los t\u00e9rminos y condiciones del uso de esta p\u00e1gina [&hellip;]<\/p>","protected":false},"author":1,"featured_media":0,"parent":0,"menu_order":0,"comment_status":"closed","ping_status":"closed","template":"","meta":{"cybocfi_hide_featured_image":"","footnotes":""},"class_list":["post-440","page","type-page","status-publish","hentry"],"_links":{"self":[{"href":"https:\/\/yotangle.com\/en\/wp-json\/wp\/v2\/pages\/440"}],"collection":[{"href":"https:\/\/yotangle.com\/en\/wp-json\/wp\/v2\/pages"}],"about":[{"href":"https:\/\/yotangle.com\/en\/wp-json\/wp\/v2\/types\/page"}],"author":[{"embeddable":true,"href":"https:\/\/yotangle.com\/en\/wp-json\/wp\/v2\/users\/1"}],"replies":[{"embeddable":true,"href":"https:\/\/yotangle.com\/en\/wp-json\/wp\/v2\/comments?post=440"}],"version-history":[{"count":3,"href":"https:\/\/yotangle.com\/en\/wp-json\/wp\/v2\/pages\/440\/revisions"}],"predecessor-version":[{"id":2254,"href":"https:\/\/yotangle.com\/en\/wp-json\/wp\/v2\/pages\/440\/revisions\/2254"}],"wp:attachment":[{"href":"https:\/\/yotangle.com\/en\/wp-json\/wp\/v2\/media?parent=440"}],"curies":[{"name":"wp","href":"https:\/\/api.w.org\/{rel}","templated":true}]}}