{"id":500,"date":"2021-01-23T22:28:22","date_gmt":"2021-01-23T22:28:22","guid":{"rendered":"http:\/\/yotangle.com\/?page_id=500"},"modified":"2021-04-05T09:05:18","modified_gmt":"2021-04-05T09:05:18","slug":"monograficos_y_proyectos","status":"publish","type":"page","link":"https:\/\/yotangle.com\/en\/monograficos_y_proyectos\/","title":{"rendered":"Single Subject Lessons &amp; Projects"},"content":{"rendered":"<div data-elementor-type=\"wp-page\" data-elementor-id=\"500\" class=\"elementor elementor-500\">\n\t\t\t\t\t\t<section class=\"elementor-section elementor-top-section elementor-element elementor-element-744fb3b elementor-section-boxed elementor-section-height-default elementor-section-height-default\" data-id=\"744fb3b\" data-element_type=\"section\">\n\t\t\t\t\t\t<div class=\"elementor-container elementor-column-gap-default\">\n\t\t\t\t\t<div class=\"elementor-column elementor-col-100 elementor-top-column elementor-element elementor-element-3ae94cd\" data-id=\"3ae94cd\" data-element_type=\"column\">\n\t\t\t<div class=\"elementor-widget-wrap elementor-element-populated\">\n\t\t\t\t\t\t<div class=\"elementor-element elementor-element-13b066f elementor-widget elementor-widget-image\" data-id=\"13b066f\" data-element_type=\"widget\" data-widget_type=\"image.default\">\n\t\t\t\t<div class=\"elementor-widget-container\">\n\t\t\t\t\t\t\t\t\t\t\t\t\t\t\t<img fetchpriority=\"high\" decoding=\"async\" width=\"1916\" height=\"160\" src=\"https:\/\/yotangle.com\/wp-content\/uploads\/2020\/12\/detalle_arriba2.jpg\" class=\"attachment-full size-full wp-image-174\" alt=\"\" srcset=\"https:\/\/yotangle.com\/wp-content\/uploads\/2020\/12\/detalle_arriba2.jpg 1916w, https:\/\/yotangle.com\/wp-content\/uploads\/2020\/12\/detalle_arriba2-300x25.jpg 300w, https:\/\/yotangle.com\/wp-content\/uploads\/2020\/12\/detalle_arriba2-600x50.jpg 600w, https:\/\/yotangle.com\/wp-content\/uploads\/2020\/12\/detalle_arriba2-1024x86.jpg 1024w, https:\/\/yotangle.com\/wp-content\/uploads\/2020\/12\/detalle_arriba2-768x64.jpg 768w, https:\/\/yotangle.com\/wp-content\/uploads\/2020\/12\/detalle_arriba2-1536x128.jpg 1536w\" sizes=\"(max-width: 1916px) 100vw, 1916px\" \/>\t\t\t\t\t\t\t\t\t\t\t\t\t\t\t<\/div>\n\t\t\t\t<\/div>\n\t\t\t\t<div class=\"elementor-element elementor-element-155784b elementor-widget elementor-widget-heading\" data-id=\"155784b\" data-element_type=\"widget\" data-widget_type=\"heading.default\">\n\t\t\t\t<div class=\"elementor-widget-container\">\n\t\t\t\t\t<h1 class=\"elementor-heading-title elementor-size-default\">SINGLE SUBJECT LESSONS &amp; PROJECTS<\/h1>\t\t\t\t<\/div>\n\t\t\t\t<\/div>\n\t\t\t\t\t<\/div>\n\t\t<\/div>\n\t\t\t\t\t<\/div>\n\t\t<\/section>\n\t\t\t\t<section class=\"elementor-section elementor-top-section elementor-element elementor-element-ff09aef elementor-section-boxed elementor-section-height-default elementor-section-height-default\" data-id=\"ff09aef\" data-element_type=\"section\">\n\t\t\t\t\t\t<div class=\"elementor-container elementor-column-gap-default\">\n\t\t\t\t\t<div class=\"elementor-column elementor-col-50 elementor-top-column elementor-element elementor-element-100f33a\" data-id=\"100f33a\" data-element_type=\"column\">\n\t\t\t<div class=\"elementor-widget-wrap elementor-element-populated\">\n\t\t\t\t\t\t<div class=\"elementor-element elementor-element-081a28a elementor-widget elementor-widget-image\" data-id=\"081a28a\" data-element_type=\"widget\" data-widget_type=\"image.default\">\n\t\t\t\t<div class=\"elementor-widget-container\">\n\t\t\t\t\t\t\t\t\t\t\t\t\t\t\t<img decoding=\"async\" width=\"727\" height=\"1024\" src=\"https:\/\/yotangle.com\/wp-content\/uploads\/2021\/04\/proyecto-727x1024.jpg\" class=\"attachment-large size-large wp-image-2106\" alt=\"proyecto\" srcset=\"https:\/\/yotangle.com\/wp-content\/uploads\/2021\/04\/proyecto-727x1024.jpg 727w, https:\/\/yotangle.com\/wp-content\/uploads\/2021\/04\/proyecto-scaled-300x422.jpg 300w, https:\/\/yotangle.com\/wp-content\/uploads\/2021\/04\/proyecto-600x845.jpg 600w, https:\/\/yotangle.com\/wp-content\/uploads\/2021\/04\/proyecto-213x300.jpg 213w, https:\/\/yotangle.com\/wp-content\/uploads\/2021\/04\/proyecto-768x1081.jpg 768w, https:\/\/yotangle.com\/wp-content\/uploads\/2021\/04\/proyecto-1091x1536.jpg 1091w, https:\/\/yotangle.com\/wp-content\/uploads\/2021\/04\/proyecto-1455x2048.jpg 1455w, https:\/\/yotangle.com\/wp-content\/uploads\/2021\/04\/proyecto-9x12.jpg 9w, https:\/\/yotangle.com\/wp-content\/uploads\/2021\/04\/proyecto-scaled.jpg 1818w\" sizes=\"(max-width: 727px) 100vw, 727px\" \/>\t\t\t\t\t\t\t\t\t\t\t\t\t\t\t<\/div>\n\t\t\t\t<\/div>\n\t\t\t\t\t<\/div>\n\t\t<\/div>\n\t\t\t\t<div class=\"elementor-column elementor-col-50 elementor-top-column elementor-element elementor-element-48c51d4\" data-id=\"48c51d4\" data-element_type=\"column\">\n\t\t\t<div class=\"elementor-widget-wrap elementor-element-populated\">\n\t\t\t\t\t\t<div class=\"elementor-element elementor-element-1fb9398 elementor-drop-cap-yes elementor-drop-cap-view-default elementor-widget elementor-widget-text-editor\" data-id=\"1fb9398\" data-element_type=\"widget\" data-settings=\"{&quot;drop_cap&quot;:&quot;yes&quot;}\" data-widget_type=\"text-editor.default\">\n\t\t\t\t<div class=\"elementor-widget-container\">\n\t\t\t\t\t\t\t\t\t<p>A part from the traditional tiles, Zentangle is also open to other layouts and materials. This is part of the overflow of creativity that Zentangle provoques in you.<\/p><p>In this section I will be adding different projects and single subject lessons of a longer duration than a traditional tile.<\/p><p>In these projects, apart from learning new techniques and possibilities, we will focus on our patience and determination to achieve a final product of which you will be proud to the point to wish to exhibit or frame.<\/p>\t\t\t\t\t\t\t\t<\/div>\n\t\t\t\t<\/div>\n\t\t\t\t<div class=\"elementor-element elementor-element-91a5c85 elementor-widget-divider--view-line elementor-widget elementor-widget-divider\" data-id=\"91a5c85\" data-element_type=\"widget\" data-widget_type=\"divider.default\">\n\t\t\t\t<div class=\"elementor-widget-container\">\n\t\t\t\t\t\t\t<div class=\"elementor-divider\">\n\t\t\t<span class=\"elementor-divider-separator\">\n\t\t\t\t\t\t<\/span>\n\t\t<\/div>\n\t\t\t\t\t\t<\/div>\n\t\t\t\t<\/div>\n\t\t\t\t<div class=\"elementor-element elementor-element-5fd17b8 elementor-invisible elementor-widget elementor-widget-text-editor\" data-id=\"5fd17b8\" data-element_type=\"widget\" data-settings=\"{&quot;_animation&quot;:&quot;bounceIn&quot;}\" data-widget_type=\"text-editor.default\">\n\t\t\t\t<div class=\"elementor-widget-container\">\n\t\t\t\t\t\t\t\t\t<p>\"Perseverance and daily work without reaching exhaustion are the base of a healthy creative life\"<\/p>\t\t\t\t\t\t\t\t<\/div>\n\t\t\t\t<\/div>\n\t\t\t\t<div class=\"elementor-element elementor-element-db590ef elementor-widget-divider--view-line elementor-widget elementor-widget-divider\" data-id=\"db590ef\" data-element_type=\"widget\" data-widget_type=\"divider.default\">\n\t\t\t\t<div class=\"elementor-widget-container\">\n\t\t\t\t\t\t\t<div class=\"elementor-divider\">\n\t\t\t<span class=\"elementor-divider-separator\">\n\t\t\t\t\t\t<\/span>\n\t\t<\/div>\n\t\t\t\t\t\t<\/div>\n\t\t\t\t<\/div>\n\t\t\t\t\t<\/div>\n\t\t<\/div>\n\t\t\t\t\t<\/div>\n\t\t<\/section>\n\t\t\t\t<section class=\"elementor-section elementor-top-section elementor-element elementor-element-3d27103 elementor-section-boxed elementor-section-height-default elementor-section-height-default\" data-id=\"3d27103\" data-element_type=\"section\">\n\t\t\t\t\t\t<div class=\"elementor-container elementor-column-gap-default\">\n\t\t\t\t\t<div class=\"elementor-column elementor-col-100 elementor-top-column elementor-element elementor-element-a13cb73\" data-id=\"a13cb73\" data-element_type=\"column\">\n\t\t\t<div class=\"elementor-widget-wrap elementor-element-populated\">\n\t\t\t\t\t\t<div class=\"elementor-element elementor-element-28093f6 elementor-invisible elementor-widget elementor-widget-heading\" data-id=\"28093f6\" data-element_type=\"widget\" data-settings=\"{&quot;_animation&quot;:&quot;slideInDown&quot;}\" data-widget_type=\"heading.default\">\n\t\t\t\t<div class=\"elementor-widget-container\">\n\t\t\t\t\t<h2 class=\"elementor-heading-title elementor-size-default\">MY COURSES<\/h2>\t\t\t\t<\/div>\n\t\t\t\t<\/div>\n\t\t\t\t\t<\/div>\n\t\t<\/div>\n\t\t\t\t\t<\/div>\n\t\t<\/section>\n\t\t\t\t<section class=\"elementor-section elementor-top-section elementor-element elementor-element-91d61f3 elementor-section-boxed elementor-section-height-default elementor-section-height-default\" data-id=\"91d61f3\" data-element_type=\"section\">\n\t\t\t\t\t\t<div class=\"elementor-container elementor-column-gap-default\">\n\t\t\t\t\t<div class=\"elementor-column elementor-col-50 elementor-top-column elementor-element elementor-element-dc390ca\" data-id=\"dc390ca\" data-element_type=\"column\" data-settings=\"{&quot;background_background&quot;:&quot;classic&quot;}\">\n\t\t\t<div class=\"elementor-widget-wrap elementor-element-populated\">\n\t\t\t\t\t\t<div class=\"elementor-element elementor-element-4b1e800 elementor-position-top elementor-widget elementor-widget-image-box\" data-id=\"4b1e800\" data-element_type=\"widget\" data-widget_type=\"image-box.default\">\n\t\t\t\t<div class=\"elementor-widget-container\">\n\t\t\t\t\t<div class=\"elementor-image-box-wrapper\"><figure class=\"elementor-image-box-img\"><img decoding=\"async\" src=\"https:\/\/yotangle.com\/wp-content\/plugins\/elementor\/assets\/images\/placeholder.png\" title=\"\" alt=\"\" loading=\"lazy\" \/><\/figure><div class=\"elementor-image-box-content\"><h3 class=\"elementor-image-box-title\">Gem Masterclass<\/h3><p class=\"elementor-image-box-description\">Gems are one of the most attractive complements to our tangles. I will show you how to do different types of gems using colour pencils. <\/p><\/div><\/div>\t\t\t\t<\/div>\n\t\t\t\t<\/div>\n\t\t\t\t<div class=\"elementor-element elementor-element-0aa6b93 elementor-align-center elementor-invisible elementor-widget elementor-widget-button\" data-id=\"0aa6b93\" data-element_type=\"widget\" data-settings=\"{&quot;_animation&quot;:&quot;zoomIn&quot;}\" data-widget_type=\"button.default\">\n\t\t\t\t<div class=\"elementor-widget-container\">\n\t\t\t\t\t\t\t\t\t<div class=\"elementor-button-wrapper\">\n\t\t\t\t\t<a class=\"elementor-button elementor-button-link elementor-size-md elementor-animation-grow\" href=\"#\">\n\t\t\t\t\t\t<span class=\"elementor-button-content-wrapper\">\n\t\t\t\t\t\t\t\t\t<span class=\"elementor-button-text\">COMING SOON<\/span>\n\t\t\t\t\t<\/span>\n\t\t\t\t\t<\/a>\n\t\t\t\t<\/div>\n\t\t\t\t\t\t\t\t<\/div>\n\t\t\t\t<\/div>\n\t\t\t\t\t<\/div>\n\t\t<\/div>\n\t\t\t\t<div class=\"elementor-column elementor-col-50 elementor-top-column elementor-element elementor-element-8c617f9\" data-id=\"8c617f9\" data-element_type=\"column\" data-settings=\"{&quot;background_background&quot;:&quot;classic&quot;}\">\n\t\t\t<div class=\"elementor-widget-wrap elementor-element-populated\">\n\t\t\t\t\t\t<div class=\"elementor-element elementor-element-b6d08a6 elementor-position-top elementor-widget elementor-widget-image-box\" data-id=\"b6d08a6\" data-element_type=\"widget\" data-widget_type=\"image-box.default\">\n\t\t\t\t<div class=\"elementor-widget-container\">\n\t\t\t\t\t<div class=\"elementor-image-box-wrapper\"><figure class=\"elementor-image-box-img\"><img decoding=\"async\" src=\"https:\/\/yotangle.com\/wp-content\/plugins\/elementor\/assets\/images\/placeholder.png\" title=\"\" alt=\"\" loading=\"lazy\" \/><\/figure><div class=\"elementor-image-box-content\"><h3 class=\"elementor-image-box-title\">Braided Loom<\/h3><p class=\"elementor-image-box-description\">A very special project that will consist of 16 sessions to complete a beautiful loom design that you can frame and hang in your home. <\/p><\/div><\/div>\t\t\t\t<\/div>\n\t\t\t\t<\/div>\n\t\t\t\t<div class=\"elementor-element elementor-element-f992f38 elementor-align-center elementor-invisible elementor-widget elementor-widget-button\" data-id=\"f992f38\" data-element_type=\"widget\" data-settings=\"{&quot;_animation&quot;:&quot;zoomIn&quot;}\" data-widget_type=\"button.default\">\n\t\t\t\t<div class=\"elementor-widget-container\">\n\t\t\t\t\t\t\t\t\t<div class=\"elementor-button-wrapper\">\n\t\t\t\t\t<a class=\"elementor-button elementor-button-link elementor-size-md elementor-animation-grow\" href=\"#\">\n\t\t\t\t\t\t<span class=\"elementor-button-content-wrapper\">\n\t\t\t\t\t\t\t\t\t<span class=\"elementor-button-text\">COMING SOON<\/span>\n\t\t\t\t\t<\/span>\n\t\t\t\t\t<\/a>\n\t\t\t\t<\/div>\n\t\t\t\t\t\t\t\t<\/div>\n\t\t\t\t<\/div>\n\t\t\t\t\t<\/div>\n\t\t<\/div>\n\t\t\t\t\t<\/div>\n\t\t<\/section>\n\t\t\t\t<\/div>","protected":false},"excerpt":{"rendered":"<p>MONOGR\u00c1FICOS Y PROYECTOS A parte de las teselas tradicionales, Zentangle est\u00e1 tambi\u00e9n abierto a otros formatos y a la utilizaci\u00f3n de otros materiales. Es parte del subid\u00f3n de creatividad que provoca entre sus practicantes. En est\u00e1 secci\u00f3n ir\u00e9 incorporando diferentes proyectos y cursos monogr\u00e1ficos de una duraci\u00f3n superior a la que estamos acostumbrados al hacer [&hellip;]<\/p>","protected":false},"author":1,"featured_media":0,"parent":0,"menu_order":0,"comment_status":"closed","ping_status":"closed","template":"","meta":{"cybocfi_hide_featured_image":"","footnotes":""},"class_list":["post-500","page","type-page","status-publish","hentry"],"_links":{"self":[{"href":"https:\/\/yotangle.com\/en\/wp-json\/wp\/v2\/pages\/500"}],"collection":[{"href":"https:\/\/yotangle.com\/en\/wp-json\/wp\/v2\/pages"}],"about":[{"href":"https:\/\/yotangle.com\/en\/wp-json\/wp\/v2\/types\/page"}],"author":[{"embeddable":true,"href":"https:\/\/yotangle.com\/en\/wp-json\/wp\/v2\/users\/1"}],"replies":[{"embeddable":true,"href":"https:\/\/yotangle.com\/en\/wp-json\/wp\/v2\/comments?post=500"}],"version-history":[{"count":97,"href":"https:\/\/yotangle.com\/en\/wp-json\/wp\/v2\/pages\/500\/revisions"}],"predecessor-version":[{"id":2117,"href":"https:\/\/yotangle.com\/en\/wp-json\/wp\/v2\/pages\/500\/revisions\/2117"}],"wp:attachment":[{"href":"https:\/\/yotangle.com\/en\/wp-json\/wp\/v2\/media?parent=500"}],"curies":[{"name":"wp","href":"https:\/\/api.w.org\/{rel}","templated":true}]}}