{"id":2781,"date":"2023-06-24T15:38:06","date_gmt":"2023-06-24T15:38:06","guid":{"rendered":"https:\/\/yotangle.com\/?post_type=product&#038;p=2781"},"modified":"2024-07-01T19:57:49","modified_gmt":"2024-07-01T19:57:49","slug":"libreta-de-retos-yotangle-1","status":"publish","type":"product","link":"https:\/\/yotangle.com\/en\/product\/libreta-de-retos-yotangle-1\/","title":{"rendered":"Yotangle Challenge Book 1"},"content":{"rendered":"<p>Libreta de Retos del m\u00e9todo Zentangle\u00a9 en la que incluyo 30 de mis tangles favoritos con su paso a paso junto con 30 retos que te propongo para dar rienda suelta a tu imaginaci\u00f3n. Al lado de cada reto tendr\u00e1n el espacio de una tesela (9cm x 9cm) para que puedas dibujar. Las hojas son de 250 gr por lo que podr\u00e1s incluso utilizar acuarelas. Al estar encuadernado con gusanillo podr\u00e1s poner la hoja en la que quieras dibujar plana en la mesa y dejar el resto al otro lado. As\u00ed te ser\u00e1 mucho m\u00e1s f\u00e1cil dibujar.<\/p>\n<p>Enjoy Zentangle Method!!!!<\/p>\n<ul>\n<li>18 cm long x 9 cm wide<\/li>\n<li>250 grams paper<\/li>\n<li>Wire-o binding<\/li>\n<li>Available in Spanish, Catal\u00e0 and English<\/li>\n<\/ul>\n<p><strong>****Si vives en Menorca, te entregar\u00e9 la libreta en persona, as\u00ed te ahorrar\u00e1s los gastos de env\u00edo****<\/strong><\/p>","protected":false},"excerpt":{"rendered":"<p>Yotangle Challenge Book following Zentangle\u00a9 method<\/p>\n<p>&nbsp;<\/p>","protected":false},"featured_media":2809,"comment_status":"open","ping_status":"closed","template":"","meta":{"cybocfi_hide_featured_image":""},"product_cat":[21],"product_tag":[22],"class_list":{"0":"post-2781","1":"product","2":"type-product","3":"status-publish","4":"has-post-thumbnail","6":"product_cat-libretas-de-retos-yotangle","7":"product_tag-libreta-de-retos-yotangle-1","9":"first","10":"instock","11":"shipping-taxable","12":"product-type-grouped"},"_links":{"self":[{"href":"https:\/\/yotangle.com\/en\/wp-json\/wp\/v2\/product\/2781"}],"collection":[{"href":"https:\/\/yotangle.com\/en\/wp-json\/wp\/v2\/product"}],"about":[{"href":"https:\/\/yotangle.com\/en\/wp-json\/wp\/v2\/types\/product"}],"replies":[{"embeddable":true,"href":"https:\/\/yotangle.com\/en\/wp-json\/wp\/v2\/comments?post=2781"}],"wp:featuredmedia":[{"embeddable":true,"href":"https:\/\/yotangle.com\/en\/wp-json\/wp\/v2\/media\/2809"}],"wp:attachment":[{"href":"https:\/\/yotangle.com\/en\/wp-json\/wp\/v2\/media?parent=2781"}],"wp:term":[{"taxonomy":"product_cat","embeddable":true,"href":"https:\/\/yotangle.com\/en\/wp-json\/wp\/v2\/product_cat?post=2781"},{"taxonomy":"product_tag","embeddable":true,"href":"https:\/\/yotangle.com\/en\/wp-json\/wp\/v2\/product_tag?post=2781"}],"curies":[{"name":"wp","href":"https:\/\/api.w.org\/{rel}","templated":true}]}}