{"id":2803,"date":"2023-06-25T11:37:28","date_gmt":"2023-06-25T11:37:28","guid":{"rendered":"https:\/\/yotangle.com\/?post_type=product&#038;p=2803"},"modified":"2024-02-05T09:50:19","modified_gmt":"2024-02-05T09:50:19","slug":"bono-5-clases","status":"publish","type":"product","link":"https:\/\/yotangle.com\/en\/product\/bono-5-clases\/","title":{"rendered":"5 Session Voucher"},"content":{"rendered":"<p>Bono de 5 clases<\/p>\n<p>A veces es dif\u00edcil comprometerse a asistir a clase regularmente todas las semanas. Por esta raz\u00f3n he creado un sistema de Bonos que te permite disfrutar de las teselas guiadas que hago en directo, ya sea de manera presencial en Menorca o por Zoom. Puedes distribuirlas como quieras, 1 vez cada dos semana, 1 vez al mes, etc. No sirven para canjear por los talleres monogr\u00e1ficos. Caducan a los 12 meses y son personales e instransferibles.<\/p>\n<p>Te podr\u00e1s descargar el bono y en \u00e9l poner tu nombre y la fecha de la compra. Despu\u00e9s en cada casilla las fechas de las clases que haces conmigo.<\/p>","protected":false},"excerpt":{"rendered":"<p>Bono de 5 clases para asistir a sesiones en directo de teselas guiadas, presencial en Menorca o por zoom<\/p>\n<p>&nbsp;<\/p>","protected":false},"featured_media":2825,"comment_status":"closed","ping_status":"closed","template":"","meta":{"cybocfi_hide_featured_image":""},"product_cat":[24],"product_tag":[25],"class_list":{"0":"post-2803","1":"product","2":"type-product","3":"status-publish","4":"has-post-thumbnail","6":"product_cat-bonos","7":"product_tag-bono-5-clases","9":"first","10":"instock","11":"downloadable","12":"virtual","13":"purchasable","14":"product-type-simple"},"_links":{"self":[{"href":"https:\/\/yotangle.com\/en\/wp-json\/wp\/v2\/product\/2803"}],"collection":[{"href":"https:\/\/yotangle.com\/en\/wp-json\/wp\/v2\/product"}],"about":[{"href":"https:\/\/yotangle.com\/en\/wp-json\/wp\/v2\/types\/product"}],"replies":[{"embeddable":true,"href":"https:\/\/yotangle.com\/en\/wp-json\/wp\/v2\/comments?post=2803"}],"wp:featuredmedia":[{"embeddable":true,"href":"https:\/\/yotangle.com\/en\/wp-json\/wp\/v2\/media\/2825"}],"wp:attachment":[{"href":"https:\/\/yotangle.com\/en\/wp-json\/wp\/v2\/media?parent=2803"}],"wp:term":[{"taxonomy":"product_cat","embeddable":true,"href":"https:\/\/yotangle.com\/en\/wp-json\/wp\/v2\/product_cat?post=2803"},{"taxonomy":"product_tag","embeddable":true,"href":"https:\/\/yotangle.com\/en\/wp-json\/wp\/v2\/product_tag?post=2803"}],"curies":[{"name":"wp","href":"https:\/\/api.w.org\/{rel}","templated":true}]}}