{"id":3125,"date":"2023-12-08T09:33:47","date_gmt":"2023-12-08T09:33:47","guid":{"rendered":"https:\/\/yotangle.com\/?post_type=product&#038;p=3125"},"modified":"2024-02-05T09:48:56","modified_gmt":"2024-02-05T09:48:56","slug":"taller-navideno-colgante-arbol","status":"publish","type":"product","link":"https:\/\/yotangle.com\/en\/product\/taller-navideno-colgante-arbol\/","title":{"rendered":"Taller Navide\u00f1o Colgante \u00c1rbol"},"content":{"rendered":"<p>En este taller te ense\u00f1ar\u00e9 a hacer un detalle para colgar en tu \u00e1rbol de Navidad.<\/p>\n<p>Necesitar\u00e1s los siguientes materiales:<\/p>\n<ul>\n<li>La plantilla que te enviar\u00e9 por e-mail<\/li>\n<li>Tijeras para cortar la plantilla<\/li>\n<li>Rotulador calibrado negro 01<\/li>\n<li>Rotulador Calibrado negro 05 o similar<\/li>\n<li>L\u00e1piz grafico 2B<\/li>\n<li>Blender pencil<\/li>\n<li>Lima o lija para limpiar el difumino<\/li>\n<li>L\u00e1pices pastel de colores<\/li>\n<li>Cinta o cordel<\/li>\n<li>Pegamento<\/li>\n<\/ul>\n<p>Ya sabes, al ser una clase grabada puedes pararlo y adelantarlo a tu gusto. Espero que te guste.<\/p>","protected":false},"excerpt":{"rendered":"<p>En este taller te ense\u00f1ar\u00e9 a hacer un detalle para colgar en tu \u00e1rbol de Navidad.<\/p>\n<div style=\"padding:56.25% 0 0 0;position:relative;\"><iframe src=\"https:\/\/player.vimeo.com\/video\/784782820?badge=0&amp;autopause=0&amp;quality_selector=1&amp;player_id=0&amp;app_id=58479\" frameborder=\"0\" allow=\"autoplay; fullscreen; picture-in-picture\" style=\"position:absolute;top:0;left:0;width:100%;height:100%;\" title=\"taller_navide\u00f1o_trailer_final\"><\/iframe><\/div>\n<p><script src=\"https:\/\/player.vimeo.com\/api\/player.js\"><\/script><\/p>","protected":false},"featured_media":2618,"comment_status":"closed","ping_status":"closed","template":"","meta":{"cybocfi_hide_featured_image":""},"product_cat":[26],"product_tag":[43,42,41,44,40],"class_list":{"0":"post-3125","1":"product","2":"type-product","3":"status-publish","4":"has-post-thumbnail","6":"product_cat-clases-pregrabadas","7":"product_tag-colgante-arbol-navidad","8":"product_tag-taller-navideno","9":"product_tag-taller-zentangle","10":"product_tag-zentangle","11":"product_tag-zia","13":"first","14":"instock","15":"virtual","16":"purchasable","17":"product-type-simple"},"_links":{"self":[{"href":"https:\/\/yotangle.com\/en\/wp-json\/wp\/v2\/product\/3125"}],"collection":[{"href":"https:\/\/yotangle.com\/en\/wp-json\/wp\/v2\/product"}],"about":[{"href":"https:\/\/yotangle.com\/en\/wp-json\/wp\/v2\/types\/product"}],"replies":[{"embeddable":true,"href":"https:\/\/yotangle.com\/en\/wp-json\/wp\/v2\/comments?post=3125"}],"wp:featuredmedia":[{"embeddable":true,"href":"https:\/\/yotangle.com\/en\/wp-json\/wp\/v2\/media\/2618"}],"wp:attachment":[{"href":"https:\/\/yotangle.com\/en\/wp-json\/wp\/v2\/media?parent=3125"}],"wp:term":[{"taxonomy":"product_cat","embeddable":true,"href":"https:\/\/yotangle.com\/en\/wp-json\/wp\/v2\/product_cat?post=3125"},{"taxonomy":"product_tag","embeddable":true,"href":"https:\/\/yotangle.com\/en\/wp-json\/wp\/v2\/product_tag?post=3125"}],"curies":[{"name":"wp","href":"https:\/\/api.w.org\/{rel}","templated":true}]}}