{"id":3127,"date":"2023-12-08T09:58:56","date_gmt":"2023-12-08T09:58:56","guid":{"rendered":"https:\/\/yotangle.com\/?post_type=product&#038;p=3127"},"modified":"2024-02-05T09:49:49","modified_gmt":"2024-02-05T09:49:49","slug":"taller-navideno-movil-de-estrellas","status":"publish","type":"product","link":"https:\/\/yotangle.com\/en\/product\/taller-navideno-movil-de-estrellas\/","title":{"rendered":"Taller Navide\u00f1o M\u00f3vil de Estrellas"},"content":{"rendered":"<p>En este taller haremos un m\u00f3vil de estrellas que ser\u00e1 un detalle precioso para tu decoraci\u00f3n navide\u00f1a.<\/p>\n<p>Necesitar\u00e1s los siguientes materiales:<\/p>\n<ul>\n<li>3 cuadrados rojos de 10.5 x 10.5 cm de papel de cartulina o papel de m\u00ednimo 120 gr.<\/li>\n<li>Rotulador calibrado 01 negro<\/li>\n<li>Rotulador calibrado 05 negro o PN<\/li>\n<li>L\u00e1piz grafico 2B<\/li>\n<li>Blender pencil<\/li>\n<li>Lima o lija para limpiar el difumino<\/li>\n<li>White gel pen<\/li>\n<li>Rotulador de gel dorado<\/li>\n<li>L\u00e1piz de pastel blanco<\/li>\n<li>L\u00e1piz de pastel amarillo<\/li>\n<li>Cinta o cordel<\/li>\n<li>Abalorios tipo cuenta (opcional)<\/li>\n<\/ul>","protected":false},"excerpt":{"rendered":"<p>En este taller haremos un m\u00f3vil de estrellas que ser\u00e1 un detalle precioso para tu decoraci\u00f3n navide\u00f1a.<\/p>\n<div style=\"padding:56.25% 0 0 0;position:relative;\"><iframe src=\"https:\/\/player.vimeo.com\/video\/892563131?badge=0&amp;autopause=0&amp;quality_selector=1&amp;player_id=0&amp;app_id=58479\" frameborder=\"0\" allow=\"autoplay; fullscreen; picture-in-picture\" style=\"position:absolute;top:0;left:0;width:100%;height:100%;\" title=\"Zentangle_-_Taller_Navidad_M\u00f3vil_de_Estrellas\"><\/iframe><\/div>\n<p><script src=\"https:\/\/player.vimeo.com\/api\/player.js\"><\/script><\/p>","protected":false},"featured_media":2709,"comment_status":"closed","ping_status":"closed","template":"","meta":{"cybocfi_hide_featured_image":""},"product_cat":[20],"product_tag":[42,41,44,40],"class_list":{"0":"post-3127","1":"product","2":"type-product","3":"status-publish","4":"has-post-thumbnail","6":"product_cat-sin-categorizar","7":"product_tag-taller-navideno","8":"product_tag-taller-zentangle","9":"product_tag-zentangle","10":"product_tag-zia","12":"first","13":"instock","14":"virtual","15":"purchasable","16":"product-type-simple"},"_links":{"self":[{"href":"https:\/\/yotangle.com\/en\/wp-json\/wp\/v2\/product\/3127"}],"collection":[{"href":"https:\/\/yotangle.com\/en\/wp-json\/wp\/v2\/product"}],"about":[{"href":"https:\/\/yotangle.com\/en\/wp-json\/wp\/v2\/types\/product"}],"replies":[{"embeddable":true,"href":"https:\/\/yotangle.com\/en\/wp-json\/wp\/v2\/comments?post=3127"}],"wp:featuredmedia":[{"embeddable":true,"href":"https:\/\/yotangle.com\/en\/wp-json\/wp\/v2\/media\/2709"}],"wp:attachment":[{"href":"https:\/\/yotangle.com\/en\/wp-json\/wp\/v2\/media?parent=3127"}],"wp:term":[{"taxonomy":"product_cat","embeddable":true,"href":"https:\/\/yotangle.com\/en\/wp-json\/wp\/v2\/product_cat?post=3127"},{"taxonomy":"product_tag","embeddable":true,"href":"https:\/\/yotangle.com\/en\/wp-json\/wp\/v2\/product_tag?post=3127"}],"curies":[{"name":"wp","href":"https:\/\/api.w.org\/{rel}","templated":true}]}}