{"id":3472,"date":"2025-06-30T16:35:24","date_gmt":"2025-06-30T16:35:24","guid":{"rendered":"https:\/\/yotangle.com\/?post_type=product&#038;p=3472"},"modified":"2025-07-01T15:24:55","modified_gmt":"2025-07-01T15:24:55","slug":"libreta-de-retos-yotangle-kids","status":"publish","type":"product","link":"https:\/\/yotangle.com\/en\/product\/libreta-de-retos-yotangle-kids\/","title":{"rendered":"Libreta de Retos Yotangle KIDS"},"content":{"rendered":"<p><!--StartFragment --><\/p>\n<p>Despu\u00e9s del \u00e9xito de la Libreta de Retos Yotangle 1, me qued\u00e9 con ganas de crear una versi\u00f3n pensada especialmente para los m\u00e1s peque\u00f1os. \u00a1Y ya est\u00e1 aqu\u00ed!<\/p>\n<p>Esta nueva edici\u00f3n est\u00e1 llena de <em>tangles<\/em> simp\u00e1ticos y divertidos que har\u00e1n disfrutar a ni\u00f1as y ni\u00f1os mientras se adentran en el mundo del Zentangle de forma amena y creativa.<br \/>\nIncluye <strong>15 tangles<\/strong>, <strong>10 retos<\/strong> y una <strong>hoja para colorear<\/strong> que despertar\u00e1n la imaginaci\u00f3n y las ganas de dibujar.<br \/>\n\u00a1Hora de dejar volar la creatividad y pasarlo en grande con cada trazo!<\/p>\n<p>Disponible en castellano y en catal\u00e1n<\/p>\n<p>&nbsp;<\/p>\n<p><strong>****Si vives en Menorca, te entregar\u00e9 la libreta en persona, as\u00ed te ahorrar\u00e1s los gastos de env\u00edo****<\/strong><\/p>\n<p>&nbsp;<\/p>","protected":false},"excerpt":{"rendered":"<p>Libreta de Retos Yotangle Kids para los m\u00e1s peque\u00f1os.<\/p>\n<ul>\n<li>Tangles divertidos<\/li>\n<li>10 retos creativos<\/li>\n<li>y una hoja para colorear<\/li>\n<\/ul>\n<p>Perfecta para que peques disfruten dibujando y se inicien en el mundo Zentangle\u00a9<\/p>\n<p>Versi\u00f3n en catal\u00e1n tambi\u00e9n disponible.<\/p>","protected":false},"featured_media":3483,"comment_status":"open","ping_status":"closed","template":"","meta":{"cybocfi_hide_featured_image":""},"product_cat":[50],"product_tag":[51],"class_list":{"0":"post-3472","1":"product","2":"type-product","3":"status-publish","4":"has-post-thumbnail","6":"product_cat-libreta-de-retos-yotangle-kids","7":"product_tag-libreta-retos-kids","9":"first","10":"instock","11":"shipping-taxable","12":"product-type-grouped"},"_links":{"self":[{"href":"https:\/\/yotangle.com\/en\/wp-json\/wp\/v2\/product\/3472"}],"collection":[{"href":"https:\/\/yotangle.com\/en\/wp-json\/wp\/v2\/product"}],"about":[{"href":"https:\/\/yotangle.com\/en\/wp-json\/wp\/v2\/types\/product"}],"replies":[{"embeddable":true,"href":"https:\/\/yotangle.com\/en\/wp-json\/wp\/v2\/comments?post=3472"}],"wp:featuredmedia":[{"embeddable":true,"href":"https:\/\/yotangle.com\/en\/wp-json\/wp\/v2\/media\/3483"}],"wp:attachment":[{"href":"https:\/\/yotangle.com\/en\/wp-json\/wp\/v2\/media?parent=3472"}],"wp:term":[{"taxonomy":"product_cat","embeddable":true,"href":"https:\/\/yotangle.com\/en\/wp-json\/wp\/v2\/product_cat?post=3472"},{"taxonomy":"product_tag","embeddable":true,"href":"https:\/\/yotangle.com\/en\/wp-json\/wp\/v2\/product_tag?post=3472"}],"curies":[{"name":"wp","href":"https:\/\/api.w.org\/{rel}","templated":true}]}}